{"id":286,"date":"2023-08-11T16:06:16","date_gmt":"2023-08-11T21:06:16","guid":{"rendered":"https:\/\/smartket.co\/?page_id=286"},"modified":"2025-12-14T23:45:36","modified_gmt":"2025-12-15T04:45:36","slug":"elementor-286","status":"publish","type":"page","link":"https:\/\/smartket.online\/index.php\/elementor-286\/","title":{"rendered":"Mision y Vision"},"content":{"rendered":"\t\t<div data-elementor-type=\"wp-post\" data-elementor-id=\"286\" class=\"elementor elementor-286\" data-elementor-post-type=\"page\">\n\t\t\t\t<div class=\"elementor-element elementor-element-b26e180 e-flex e-con-boxed e-con e-parent\" data-id=\"b26e180\" data-element_type=\"container\" data-e-type=\"container\">\n\t\t\t\t\t<div class=\"e-con-inner\">\n\t\t\t\t<div class=\"elementor-element elementor-element-b1e6bab elementor-widget elementor-widget-heading\" data-id=\"b1e6bab\" data-element_type=\"widget\" data-e-type=\"widget\" data-widget_type=\"heading.default\">\n\t\t\t\t<div class=\"elementor-widget-container\">\n\t\t\t\t\t<h2 class=\"elementor-heading-title elementor-size-default\">MISION<\/h2>\t\t\t\t<\/div>\n\t\t\t\t<\/div>\n\t\t\t\t\t<\/div>\n\t\t\t\t<\/div>\n\t\t<div class=\"elementor-element elementor-element-f448c0b e-flex e-con-boxed e-con e-parent\" data-id=\"f448c0b\" data-element_type=\"container\" data-e-type=\"container\">\n\t\t\t\t\t<div class=\"e-con-inner\">\n\t\t\t\t<div class=\"elementor-element elementor-element-c11a6fd elementor-widget elementor-widget-heading\" data-id=\"c11a6fd\" data-element_type=\"widget\" data-e-type=\"widget\" data-widget_type=\"heading.default\">\n\t\t\t\t<div class=\"elementor-widget-container\">\n\t\t\t\t\t<h2 class=\"elementor-heading-title elementor-size-default\"><br>Smartket.com distribuye y comercializa productos y\nservicios de tecnolog\u00eda, brindando facilidades de compra y\nuna excelente experiencia a nuestros clientes. Estamos\ncomprometidos con el crecimiento y sostenibilidad de las\ncomunidades de la regi\u00f3n, nuestros colaboradores,\naccionistas y aliados comerciales.<\/h2>\t\t\t\t<\/div>\n\t\t\t\t<\/div>\n\t\t\t\t\t<\/div>\n\t\t\t\t<\/div>\n\t\t<div class=\"elementor-element elementor-element-0ca332d e-flex e-con-boxed e-con e-parent\" data-id=\"0ca332d\" data-element_type=\"container\" data-e-type=\"container\">\n\t\t\t\t\t<div class=\"e-con-inner\">\n\t\t\t\t<div class=\"elementor-element elementor-element-a035fc8 elementor-widget elementor-widget-heading\" data-id=\"a035fc8\" data-element_type=\"widget\" data-e-type=\"widget\" data-widget_type=\"heading.default\">\n\t\t\t\t<div class=\"elementor-widget-container\">\n\t\t\t\t\t<h2 class=\"elementor-heading-title elementor-size-default\">VISION <\/h2>\t\t\t\t<\/div>\n\t\t\t\t<\/div>\n\t\t\t\t\t<\/div>\n\t\t\t\t<\/div>\n\t\t<div class=\"elementor-element elementor-element-a2a57b4 e-flex e-con-boxed e-con e-parent\" data-id=\"a2a57b4\" data-element_type=\"container\" data-e-type=\"container\">\n\t\t\t\t\t<div class=\"e-con-inner\">\n\t\t\t\t<div class=\"elementor-element elementor-element-9182c3b elementor-widget elementor-widget-heading\" data-id=\"9182c3b\" data-element_type=\"widget\" data-e-type=\"widget\" data-widget_type=\"heading.default\">\n\t\t\t\t<div class=\"elementor-widget-container\">\n\t\t\t\t\t<h2 class=\"elementor-heading-title elementor-size-default\">Acercar cada vez mas la tecnolog\u00eda a las comunidades de la\nregi\u00f3n para que puedan cumplir sus sue\u00f1os conjuntamente\ncon los de nuestros colaboradores y aliados. De esta\nmanera lograr un reconocimiento en el mercado como una\norganizaci\u00f3n que trabaja para mejorar las condiciones de\nvida de la poblaci\u00f3n con la cual mantenemos contacto.<\/h2>\t\t\t\t<\/div>\n\t\t\t\t<\/div>\n\t\t\t\t\t<\/div>\n\t\t\t\t<\/div>\n\t\t\t\t<\/div>\n\t\t","protected":false},"excerpt":{"rendered":"<p>MISION Smartket.com distribuye y comercializa productos y servicios de tecnolog\u00eda, brindando facilidades de compra y una excelente experiencia a nuestros clientes. Estamos comprometidos con el crecimiento y sostenibilidad de las comunidades de la regi\u00f3n, nuestros colaboradores, accionistas y aliados comerciales. VISION Acercar cada vez mas la tecnolog\u00eda a las comunidades de la regi\u00f3n para que [&hellip;]<\/p>\n","protected":false},"author":1,"featured_media":0,"parent":0,"menu_order":0,"comment_status":"closed","ping_status":"closed","template":"","meta":{"footnotes":""},"class_list":["post-286","page","type-page","status-publish","hentry"],"aioseo_notices":[],"_hostinger_reach_plugin_has_subscription_block":false,"_hostinger_reach_plugin_is_elementor":false,"_links":{"self":[{"href":"https:\/\/smartket.online\/index.php\/wp-json\/wp\/v2\/pages\/286","targetHints":{"allow":["GET"]}}],"collection":[{"href":"https:\/\/smartket.online\/index.php\/wp-json\/wp\/v2\/pages"}],"about":[{"href":"https:\/\/smartket.online\/index.php\/wp-json\/wp\/v2\/types\/page"}],"author":[{"embeddable":true,"href":"https:\/\/smartket.online\/index.php\/wp-json\/wp\/v2\/users\/1"}],"replies":[{"embeddable":true,"href":"https:\/\/smartket.online\/index.php\/wp-json\/wp\/v2\/comments?post=286"}],"version-history":[{"count":0,"href":"https:\/\/smartket.online\/index.php\/wp-json\/wp\/v2\/pages\/286\/revisions"}],"wp:attachment":[{"href":"https:\/\/smartket.online\/index.php\/wp-json\/wp\/v2\/media?parent=286"}],"curies":[{"name":"wp","href":"https:\/\/api.w.org\/{rel}","templated":true}]}}