{"id":15,"date":"2023-06-29T14:56:16","date_gmt":"2023-06-29T19:56:16","guid":{"rendered":"https:\/\/markermedia.co\/demo\/smartket\/?post_type=product&#038;p=15"},"modified":"2025-08-07T21:19:28","modified_gmt":"2025-08-08T02:19:28","slug":"portatil-hp-245-g8-ssd-256-gb-ram-8gb-ryzen-3","status":"publish","type":"product","link":"https:\/\/smartket.online\/index.php\/producto\/portatil-hp-245-g8-ssd-256-gb-ram-8gb-ryzen-3\/","title":{"rendered":"PORTATIL HP 245 G9\/ SSD 256 GB- RAM 8GB\/ RYZEN 3"},"content":{"rendered":"<ul>\n<li>El sello se abre para actualizar el hardware\/software solo para mejorar el rendimiento. Pantalla HD de 14.0 pulgadas (1366 x 768) de 60 Hz; Wi-Fi 802.11ac, Bluetooth 5.0, c\u00e1mara web HD de 720p, teclado.<\/li>\n<li>Potente rendimiento con AMD Ryzen 3 5300U Quad Core: procesador AMD Ryzen 3 5300U 2.60GHz (hasta 3.8 GHz, cach\u00e9 de 4 MB, 4 n\u00facleos). Gr\u00e1ficos integrados AMD Radeon.<\/li>\n<li>Alta velocidad y multitarea: 8 GB DDR4 SODIMM; fuente de alimentaci\u00f3n de 45 W, bater\u00eda de 3 celdas de 41 Whr, enfriador de CPU de refrigeraci\u00f3n por aire;<\/li>\n<li>SSD PCIe NVMe de 256 GB; 2 USB 3.1 Gen1, 1 HDMI, USB 3.1 tipo C Gen1, lector SD, conector combinado de auriculares\/micr\u00f3fono, Windows 10 Home-64, 1 a\u00f1o de fabricante de GreatPriceTech (profesionalmente actualizado por GreatPriceTech)<\/li>\n<li>Incluye concentrador USB Dockztorm (edici\u00f3n especial port\u00e1til Docztorm Data Hub; tasa de sincronizaci\u00f3n de datos s\u00faper r\u00e1pida de hasta 5 Gbps)<\/li>\n<li>Tama\u00f1o de la memoria RAM instalada: 8.0 GB<\/li>\n<li>Tama\u00f1o del disco duro: 256.0 GB<\/li>\n<li>Tipo de RAM del sistema: DDR4_SDRAM<\/li>\n<li>Tama\u00f1o de la pantalla: 14.0 pulgadas<\/li>\n<\/ul>\n<p><strong>OTRAS ESPECIFICACIONES<\/strong><\/p>\n<p>Marca: HP<\/p>\n<p>Tipo: Port\u00e1til<\/p>\n<p>Procesador:\u00a0 AMD R3<\/p>\n<p>Almacenamiento: 256 SSD<\/p>\n<p>Memoria Ram: 8 GB<\/p>\n<p>Pantalla:\u00a0 14&#8243;<\/p>\n<p>Puertos: USB-HDMI<\/p>\n<p>sistema operativo: Windows 10 Home<\/p>\n","protected":false},"excerpt":{"rendered":"<p>El sello se abre para actualizar el hardware\/software solo para mejorar el rendimiento. Pantalla HD de 14.0 pulgadas (1366 x 768) de 60 Hz; Wi-Fi 802.11ac, Bluetooth 5.0, c\u00e1mara web HD de 720p, teclado. Potente rendimiento con AMD Ryzen 3 5300U Quad Core: procesador AMD Ryzen 3 5300U 2.60GHz (hasta 3.8 GHz, cach\u00e9 de 4 [&hellip;]<\/p>\n","protected":false},"featured_media":1747,"comment_status":"open","ping_status":"closed","template":"","meta":[],"product_brand":[],"product_cat":[22],"product_tag":[],"class_list":{"0":"post-15","1":"product","2":"type-product","3":"status-publish","4":"has-post-thumbnail","6":"product_cat-computadores","8":"first","9":"outofstock","10":"shipping-taxable","11":"purchasable","12":"product-type-simple"},"aioseo_notices":[],"_links":{"self":[{"href":"https:\/\/smartket.online\/index.php\/wp-json\/wp\/v2\/product\/15","targetHints":{"allow":["GET"]}}],"collection":[{"href":"https:\/\/smartket.online\/index.php\/wp-json\/wp\/v2\/product"}],"about":[{"href":"https:\/\/smartket.online\/index.php\/wp-json\/wp\/v2\/types\/product"}],"replies":[{"embeddable":true,"href":"https:\/\/smartket.online\/index.php\/wp-json\/wp\/v2\/comments?post=15"}],"wp:featuredmedia":[{"embeddable":true,"href":"https:\/\/smartket.online\/index.php\/wp-json\/wp\/v2\/media\/1747"}],"wp:attachment":[{"href":"https:\/\/smartket.online\/index.php\/wp-json\/wp\/v2\/media?parent=15"}],"wp:term":[{"taxonomy":"product_brand","embeddable":true,"href":"https:\/\/smartket.online\/index.php\/wp-json\/wp\/v2\/product_brand?post=15"},{"taxonomy":"product_cat","embeddable":true,"href":"https:\/\/smartket.online\/index.php\/wp-json\/wp\/v2\/product_cat?post=15"},{"taxonomy":"product_tag","embeddable":true,"href":"https:\/\/smartket.online\/index.php\/wp-json\/wp\/v2\/product_tag?post=15"}],"curies":[{"name":"wp","href":"https:\/\/api.w.org\/{rel}","templated":true}]}}