{"id":1756,"date":"2025-06-03T23:21:09","date_gmt":"2025-06-04T04:21:09","guid":{"rendered":"https:\/\/smartket.online\/?post_type=product&#038;p=1756"},"modified":"2025-09-07T23:06:58","modified_gmt":"2025-09-08T04:06:58","slug":"infinix-note50-pro","status":"publish","type":"product","link":"https:\/\/smartket.online\/index.php\/producto\/infinix-note50-pro\/","title":{"rendered":"Infinix Note 50 pro"},"content":{"rendered":"<p>Pantalla 6,78&#8243; FHD+ 3D 120Hz de Tasa de Refresco Pantalla Curva<br \/>\nSistema Operativo Android 15<br \/>\nROM 256GB<br \/>\nRAM 12+12Gb Virtuales<br \/>\nC\u00e1mara Posterior 50MP+ 2MP + Lente IA<br \/>\nC\u00e1mara Frontal 32MP<br \/>\nLector Huella si<br \/>\nBater\u00eda 5200 mAh<\/p>\n","protected":false},"excerpt":{"rendered":"<p>Pantalla 6,78&#8243; FHD+ 3D 120Hz de Tasa de Refresco Pantalla Curva Sistema Operativo Android 15 ROM 256GB RAM 12+12Gb Virtuales C\u00e1mara Posterior 50MP+ 2MP + Lente IA C\u00e1mara Frontal 32MP Lector Huella si Bater\u00eda 5200 mAh<\/p>\n","protected":false},"featured_media":1759,"comment_status":"open","ping_status":"closed","template":"","meta":[],"product_brand":[],"product_cat":[19],"product_tag":[],"class_list":{"0":"post-1756","1":"product","2":"type-product","3":"status-publish","4":"has-post-thumbnail","6":"product_cat-celulares","8":"first","9":"outofstock","10":"featured","11":"shipping-taxable","12":"purchasable","13":"product-type-variable"},"aioseo_notices":[],"_links":{"self":[{"href":"https:\/\/smartket.online\/index.php\/wp-json\/wp\/v2\/product\/1756","targetHints":{"allow":["GET"]}}],"collection":[{"href":"https:\/\/smartket.online\/index.php\/wp-json\/wp\/v2\/product"}],"about":[{"href":"https:\/\/smartket.online\/index.php\/wp-json\/wp\/v2\/types\/product"}],"replies":[{"embeddable":true,"href":"https:\/\/smartket.online\/index.php\/wp-json\/wp\/v2\/comments?post=1756"}],"wp:featuredmedia":[{"embeddable":true,"href":"https:\/\/smartket.online\/index.php\/wp-json\/wp\/v2\/media\/1759"}],"wp:attachment":[{"href":"https:\/\/smartket.online\/index.php\/wp-json\/wp\/v2\/media?parent=1756"}],"wp:term":[{"taxonomy":"product_brand","embeddable":true,"href":"https:\/\/smartket.online\/index.php\/wp-json\/wp\/v2\/product_brand?post=1756"},{"taxonomy":"product_cat","embeddable":true,"href":"https:\/\/smartket.online\/index.php\/wp-json\/wp\/v2\/product_cat?post=1756"},{"taxonomy":"product_tag","embeddable":true,"href":"https:\/\/smartket.online\/index.php\/wp-json\/wp\/v2\/product_tag?post=1756"}],"curies":[{"name":"wp","href":"https:\/\/api.w.org\/{rel}","templated":true}]}}