{"id":1966,"date":"2025-08-31T21:44:05","date_gmt":"2025-09-01T02:44:05","guid":{"rendered":"https:\/\/smartket.online\/?post_type=product&#038;p=1966"},"modified":"2025-08-31T21:48:21","modified_gmt":"2025-09-01T02:48:21","slug":"nevera-lg-congelador-superior-door-cooling-334-lit","status":"publish","type":"product","link":"https:\/\/smartket.online\/index.php\/producto\/nevera-lg-congelador-superior-door-cooling-334-lit\/","title":{"rendered":"Nevera LG Congelador Superior Door Cooling 334 Lit"},"content":{"rendered":"<div id=\"tabsDescripcion\" class=\"row\">\n<div class=\"tab-content\">\n<div id=\"descripcion\" class=\"tab-pane active\">\n<div class=\"productDescription\">\n<p>Nevera LG con dise\u00f1o elegante ideal para ti, de 334 litros, Proporciona Frescura de Manera Uniforme y R\u00e1pida gracias a la tecnolog\u00eda Door Cooling\u207a\u2122, Multi Air Flow mantiene los niveles de temperatura ideales para ayudar a mantener tus alimentos frescos por m\u00e1s tiempo, Smart Diagnosis\u2122 de LG es una manera f\u00e1cil de solucionar tus problemas<\/p>\n<\/div>\n<\/div>\n<\/div>\n<\/div>\n","protected":false},"excerpt":{"rendered":"<p>Nevera LG con dise\u00f1o elegante ideal para ti, de 334 litros, Proporciona Frescura de Manera Uniforme y R\u00e1pida gracias a la tecnolog\u00eda Door Cooling\u207a\u2122, Multi Air Flow mantiene los niveles de temperatura ideales para ayudar a mantener tus alimentos frescos por m\u00e1s tiempo, Smart Diagnosis\u2122 de LG es una manera f\u00e1cil de solucionar tus problemas<\/p>\n","protected":false},"featured_media":1967,"comment_status":"open","ping_status":"closed","template":"","meta":[],"product_brand":[68],"product_cat":[20],"product_tag":[],"class_list":{"0":"post-1966","1":"product","2":"type-product","3":"status-publish","4":"has-post-thumbnail","6":"product_brand-lg","7":"product_cat-neveras","9":"first","10":"onbackorder","11":"shipping-taxable","12":"purchasable","13":"product-type-simple"},"aioseo_notices":[],"_links":{"self":[{"href":"https:\/\/smartket.online\/index.php\/wp-json\/wp\/v2\/product\/1966","targetHints":{"allow":["GET"]}}],"collection":[{"href":"https:\/\/smartket.online\/index.php\/wp-json\/wp\/v2\/product"}],"about":[{"href":"https:\/\/smartket.online\/index.php\/wp-json\/wp\/v2\/types\/product"}],"replies":[{"embeddable":true,"href":"https:\/\/smartket.online\/index.php\/wp-json\/wp\/v2\/comments?post=1966"}],"wp:featuredmedia":[{"embeddable":true,"href":"https:\/\/smartket.online\/index.php\/wp-json\/wp\/v2\/media\/1967"}],"wp:attachment":[{"href":"https:\/\/smartket.online\/index.php\/wp-json\/wp\/v2\/media?parent=1966"}],"wp:term":[{"taxonomy":"product_brand","embeddable":true,"href":"https:\/\/smartket.online\/index.php\/wp-json\/wp\/v2\/product_brand?post=1966"},{"taxonomy":"product_cat","embeddable":true,"href":"https:\/\/smartket.online\/index.php\/wp-json\/wp\/v2\/product_cat?post=1966"},{"taxonomy":"product_tag","embeddable":true,"href":"https:\/\/smartket.online\/index.php\/wp-json\/wp\/v2\/product_tag?post=1966"}],"curies":[{"name":"wp","href":"https:\/\/api.w.org\/{rel}","templated":true}]}}