{"id":1969,"date":"2025-08-31T21:49:54","date_gmt":"2025-09-01T02:49:54","guid":{"rendered":"https:\/\/smartket.online\/?post_type=product&#038;p=1969"},"modified":"2025-08-31T21:54:46","modified_gmt":"2025-09-01T02:54:46","slug":"lavadora-lg-carga-superior-09-kg-wt-9elr-gris","status":"publish","type":"product","link":"https:\/\/smartket.online\/index.php\/producto\/lavadora-lg-carga-superior-09-kg-wt-9elr-gris\/","title":{"rendered":"Lavadora LG Carga Superior 09 Kg WT-9ELR Gris"},"content":{"rendered":"<p>Lavadora LG Carga Superior 9KG WT-9ELR color Gris, realce el espacio del cuarto de lavado con su dise\u00f1o moderno y vers\u00e1til, programe la hora de finalizaci\u00f3n del lavado gracias al programa de temporizador y no se preocupe por el lavado, mant\u00e9n la tina libre de bacterias, con la tecnolog\u00eda Tub Clean puedes desinfectarla de manera peri\u00f3dica, con la funci\u00f3n de cierre suave evita que la tapa se cierre bruscamente, La puerta de cristal templado es resistente a los rayones haciendo una lavadora m\u00e1s duradera. Adquiere la tuya aqu\u00ed!<\/p>\n","protected":false},"excerpt":{"rendered":"<p>Lavadora LG Carga Superior 9KG WT-9ELR color Gris, realce el espacio del cuarto de lavado con su dise\u00f1o moderno y vers\u00e1til, programe la hora de finalizaci\u00f3n del lavado gracias al programa de temporizador y no se preocupe por el lavado, mant\u00e9n la tina libre de bacterias, con la tecnolog\u00eda Tub Clean puedes desinfectarla de manera [&hellip;]<\/p>\n","protected":false},"featured_media":1970,"comment_status":"open","ping_status":"closed","template":"","meta":[],"product_brand":[68],"product_cat":[21],"product_tag":[],"class_list":{"0":"post-1969","1":"product","2":"type-product","3":"status-publish","4":"has-post-thumbnail","6":"product_brand-lg","7":"product_cat-lavadoras","9":"first","10":"onbackorder","11":"shipping-taxable","12":"purchasable","13":"product-type-simple"},"aioseo_notices":[],"_links":{"self":[{"href":"https:\/\/smartket.online\/index.php\/wp-json\/wp\/v2\/product\/1969","targetHints":{"allow":["GET"]}}],"collection":[{"href":"https:\/\/smartket.online\/index.php\/wp-json\/wp\/v2\/product"}],"about":[{"href":"https:\/\/smartket.online\/index.php\/wp-json\/wp\/v2\/types\/product"}],"replies":[{"embeddable":true,"href":"https:\/\/smartket.online\/index.php\/wp-json\/wp\/v2\/comments?post=1969"}],"wp:featuredmedia":[{"embeddable":true,"href":"https:\/\/smartket.online\/index.php\/wp-json\/wp\/v2\/media\/1970"}],"wp:attachment":[{"href":"https:\/\/smartket.online\/index.php\/wp-json\/wp\/v2\/media?parent=1969"}],"wp:term":[{"taxonomy":"product_brand","embeddable":true,"href":"https:\/\/smartket.online\/index.php\/wp-json\/wp\/v2\/product_brand?post=1969"},{"taxonomy":"product_cat","embeddable":true,"href":"https:\/\/smartket.online\/index.php\/wp-json\/wp\/v2\/product_cat?post=1969"},{"taxonomy":"product_tag","embeddable":true,"href":"https:\/\/smartket.online\/index.php\/wp-json\/wp\/v2\/product_tag?post=1969"}],"curies":[{"name":"wp","href":"https:\/\/api.w.org\/{rel}","templated":true}]}}