{"id":1976,"date":"2025-08-31T22:00:10","date_gmt":"2025-09-01T03:00:10","guid":{"rendered":"https:\/\/smartket.online\/?post_type=product&#038;p=1976"},"modified":"2025-08-31T22:02:40","modified_gmt":"2025-09-01T03:02:40","slug":"lavadora-lg-carga-superior-18kg-wt-18dvtb-gris","status":"publish","type":"product","link":"https:\/\/smartket.online\/index.php\/producto\/lavadora-lg-carga-superior-18kg-wt-18dvtb-gris\/","title":{"rendered":"Lavadora LG Carga Superior 18Kg WT-18DVTB Gris"},"content":{"rendered":"<p>La Lavadora LG Smart Inverter WT-18DVTB Gris tiene un rendimiento de lavado superior, m\u00e1s limpio, m\u00e1s higi\u00e9nico, El motor Smart Inverter es confiable, silencioso y duradero, ajusta la energ\u00eda seg\u00fan la velocidad y la fuerza que requiere cada movimiento del tambor as\u00ed controla con eficiencia el consumo energ\u00e9tico, mant\u00e9n el tambor de la lavadora limpio con la funci\u00f3n limpieza de tambor eliminando olores y suciedad que pueda quedar despu\u00e9s de varios ciclos de lavado, obt\u00e9n un diagn\u00f3stico de manera inmediata del funcionamiento de tu lavadora gracias a la funci\u00f3n Smart Diagnosis.!Compra la tuya ya!<\/p>\n","protected":false},"excerpt":{"rendered":"<p>La Lavadora LG Smart Inverter WT-18DVTB Gris tiene un rendimiento de lavado superior, m\u00e1s limpio, m\u00e1s higi\u00e9nico, El motor Smart Inverter es confiable, silencioso y duradero, ajusta la energ\u00eda seg\u00fan la velocidad y la fuerza que requiere cada movimiento del tambor as\u00ed controla con eficiencia el consumo energ\u00e9tico, mant\u00e9n el tambor de la lavadora limpio [&hellip;]<\/p>\n","protected":false},"featured_media":1977,"comment_status":"open","ping_status":"closed","template":"","meta":[],"product_brand":[68],"product_cat":[21],"product_tag":[],"class_list":{"0":"post-1976","1":"product","2":"type-product","3":"status-publish","4":"has-post-thumbnail","6":"product_brand-lg","7":"product_cat-lavadoras","9":"first","10":"onbackorder","11":"shipping-taxable","12":"purchasable","13":"product-type-simple"},"aioseo_notices":[],"_links":{"self":[{"href":"https:\/\/smartket.online\/index.php\/wp-json\/wp\/v2\/product\/1976","targetHints":{"allow":["GET"]}}],"collection":[{"href":"https:\/\/smartket.online\/index.php\/wp-json\/wp\/v2\/product"}],"about":[{"href":"https:\/\/smartket.online\/index.php\/wp-json\/wp\/v2\/types\/product"}],"replies":[{"embeddable":true,"href":"https:\/\/smartket.online\/index.php\/wp-json\/wp\/v2\/comments?post=1976"}],"wp:featuredmedia":[{"embeddable":true,"href":"https:\/\/smartket.online\/index.php\/wp-json\/wp\/v2\/media\/1977"}],"wp:attachment":[{"href":"https:\/\/smartket.online\/index.php\/wp-json\/wp\/v2\/media?parent=1976"}],"wp:term":[{"taxonomy":"product_brand","embeddable":true,"href":"https:\/\/smartket.online\/index.php\/wp-json\/wp\/v2\/product_brand?post=1976"},{"taxonomy":"product_cat","embeddable":true,"href":"https:\/\/smartket.online\/index.php\/wp-json\/wp\/v2\/product_cat?post=1976"},{"taxonomy":"product_tag","embeddable":true,"href":"https:\/\/smartket.online\/index.php\/wp-json\/wp\/v2\/product_tag?post=1976"}],"curies":[{"name":"wp","href":"https:\/\/api.w.org\/{rel}","templated":true}]}}