{"id":1983,"date":"2025-08-31T22:10:42","date_gmt":"2025-09-01T03:10:42","guid":{"rendered":"https:\/\/smartket.online\/?post_type=product&#038;p=1983"},"modified":"2025-11-02T08:52:43","modified_gmt":"2025-11-02T13:52:43","slug":"smart-tv-webos-lg-32-32lq630-hd","status":"publish","type":"product","link":"https:\/\/smartket.online\/index.php\/producto\/smart-tv-webos-lg-32-32lq630-hd\/","title":{"rendered":"Smart TV WebOs LG 32&#8243; 32LQ630 HD"},"content":{"rendered":"<p>El televisor HD ,LG 32LQ630B se adapta a tus espacios con un dise\u00f1o cl\u00e1sico. Tambi\u00e9n, podr\u00e1s disfrutar de contenidos con colores potentes, naturales y v\u00edvidos en sus 32 pulgada de tama\u00f1o y vivir una experiencia inmersiva con su potencia de audio. Adem\u00e1s, podr\u00e1s disfrutar de tus dispositivos favoritos f\u00e1cilmente con sus puertos USB y HDMI, es t\u00fa TV ideal para ver contenidos de aplicaciones. \u00a1,Ll\u00e9valo hoy!<\/p>\n","protected":false},"excerpt":{"rendered":"<p>El televisor HD ,LG 32LQ630B se adapta a tus espacios con un dise\u00f1o cl\u00e1sico. Tambi\u00e9n, podr\u00e1s disfrutar de contenidos con colores potentes, naturales y v\u00edvidos en sus 32 pulgada de tama\u00f1o y vivir una experiencia inmersiva con su potencia de audio. Adem\u00e1s, podr\u00e1s disfrutar de tus dispositivos favoritos f\u00e1cilmente con sus puertos USB y HDMI, [&hellip;]<\/p>\n","protected":false},"featured_media":1984,"comment_status":"open","ping_status":"closed","template":"","meta":[],"product_brand":[68],"product_cat":[18],"product_tag":[],"class_list":{"0":"post-1983","1":"product","2":"type-product","3":"status-publish","4":"has-post-thumbnail","6":"product_brand-lg","7":"product_cat-televisores","9":"first","10":"onbackorder","11":"shipping-taxable","12":"purchasable","13":"product-type-simple"},"aioseo_notices":[],"_links":{"self":[{"href":"https:\/\/smartket.online\/index.php\/wp-json\/wp\/v2\/product\/1983","targetHints":{"allow":["GET"]}}],"collection":[{"href":"https:\/\/smartket.online\/index.php\/wp-json\/wp\/v2\/product"}],"about":[{"href":"https:\/\/smartket.online\/index.php\/wp-json\/wp\/v2\/types\/product"}],"replies":[{"embeddable":true,"href":"https:\/\/smartket.online\/index.php\/wp-json\/wp\/v2\/comments?post=1983"}],"wp:featuredmedia":[{"embeddable":true,"href":"https:\/\/smartket.online\/index.php\/wp-json\/wp\/v2\/media\/1984"}],"wp:attachment":[{"href":"https:\/\/smartket.online\/index.php\/wp-json\/wp\/v2\/media?parent=1983"}],"wp:term":[{"taxonomy":"product_brand","embeddable":true,"href":"https:\/\/smartket.online\/index.php\/wp-json\/wp\/v2\/product_brand?post=1983"},{"taxonomy":"product_cat","embeddable":true,"href":"https:\/\/smartket.online\/index.php\/wp-json\/wp\/v2\/product_cat?post=1983"},{"taxonomy":"product_tag","embeddable":true,"href":"https:\/\/smartket.online\/index.php\/wp-json\/wp\/v2\/product_tag?post=1983"}],"curies":[{"name":"wp","href":"https:\/\/api.w.org\/{rel}","templated":true}]}}