{"id":1986,"date":"2025-08-31T22:14:19","date_gmt":"2025-09-01T03:14:19","guid":{"rendered":"https:\/\/smartket.online\/?post_type=product&#038;p=1986"},"modified":"2025-09-01T00:41:37","modified_gmt":"2025-09-01T05:41:37","slug":"smart-tv-webos-lg-50-50-ur7410-uhd-4k","status":"publish","type":"product","link":"https:\/\/smartket.online\/index.php\/producto\/smart-tv-webos-lg-50-50-ur7410-uhd-4k\/","title":{"rendered":"Smart TV webOS LG 50&#8243; 50-UR7410 UHD-4K"},"content":{"rendered":"<p>LG\u00a0 Smart TV de 50&#8243; es el televisor que se adapta a tu espacio para ver el mejor entretenimiento como: series, videos musicales, pel\u00edculas y documentales con los colores m\u00e1s n\u00edtidos. Puedes conectar tus dispositivos por las entradas USB y HDMI y as\u00ed sacar provecho de tus dispositivos para reproducir tu m\u00fasica o competir en un buen video juego.<\/p>\n","protected":false},"excerpt":{"rendered":"<p>LG\u00a0 Smart TV de 50&#8243; es el televisor que se adapta a tu espacio para ver el mejor entretenimiento como: series, videos musicales, pel\u00edculas y documentales con los colores m\u00e1s n\u00edtidos. Puedes conectar tus dispositivos por las entradas USB y HDMI y as\u00ed sacar provecho de tus dispositivos para reproducir tu m\u00fasica o competir en [&hellip;]<\/p>\n","protected":false},"featured_media":1987,"comment_status":"open","ping_status":"closed","template":"","meta":[],"product_brand":[68],"product_cat":[18],"product_tag":[],"class_list":{"0":"post-1986","1":"product","2":"type-product","3":"status-publish","4":"has-post-thumbnail","6":"product_brand-lg","7":"product_cat-televisores","9":"first","10":"onbackorder","11":"shipping-taxable","12":"purchasable","13":"product-type-simple"},"aioseo_notices":[],"_links":{"self":[{"href":"https:\/\/smartket.online\/index.php\/wp-json\/wp\/v2\/product\/1986","targetHints":{"allow":["GET"]}}],"collection":[{"href":"https:\/\/smartket.online\/index.php\/wp-json\/wp\/v2\/product"}],"about":[{"href":"https:\/\/smartket.online\/index.php\/wp-json\/wp\/v2\/types\/product"}],"replies":[{"embeddable":true,"href":"https:\/\/smartket.online\/index.php\/wp-json\/wp\/v2\/comments?post=1986"}],"wp:featuredmedia":[{"embeddable":true,"href":"https:\/\/smartket.online\/index.php\/wp-json\/wp\/v2\/media\/1987"}],"wp:attachment":[{"href":"https:\/\/smartket.online\/index.php\/wp-json\/wp\/v2\/media?parent=1986"}],"wp:term":[{"taxonomy":"product_brand","embeddable":true,"href":"https:\/\/smartket.online\/index.php\/wp-json\/wp\/v2\/product_brand?post=1986"},{"taxonomy":"product_cat","embeddable":true,"href":"https:\/\/smartket.online\/index.php\/wp-json\/wp\/v2\/product_cat?post=1986"},{"taxonomy":"product_tag","embeddable":true,"href":"https:\/\/smartket.online\/index.php\/wp-json\/wp\/v2\/product_tag?post=1986"}],"curies":[{"name":"wp","href":"https:\/\/api.w.org\/{rel}","templated":true}]}}