{"id":1989,"date":"2025-08-31T22:17:10","date_gmt":"2025-09-01T03:17:10","guid":{"rendered":"https:\/\/smartket.online\/?post_type=product&#038;p=1989"},"modified":"2025-09-01T00:41:36","modified_gmt":"2025-09-01T05:41:36","slug":"smart-tv-webos-lg-43-43lm6370-fhd","status":"publish","type":"product","link":"https:\/\/smartket.online\/index.php\/producto\/smart-tv-webos-lg-43-43lm6370-fhd\/","title":{"rendered":"Smart TV webOS LG 43&#8243; 43LM6370 FHD"},"content":{"rendered":"<p>LG LED Smart TV de 43&#8243; es el televisor que se adapta a tu espacio para ver el mejor entretenimiento como: series, videos musicales, pel\u00edculas y documentales con los colores m\u00e1s n\u00edtidos. Puedes conectar tus dispositivos por las entradas USB y HDMI y as\u00ed sacar provecho de tus dispositivos para reproducir tu m\u00fasica o competir en un buen video juego.<\/p>\n","protected":false},"excerpt":{"rendered":"<p>LG LED Smart TV de 43&#8243; es el televisor que se adapta a tu espacio para ver el mejor entretenimiento como: series, videos musicales, pel\u00edculas y documentales con los colores m\u00e1s n\u00edtidos. Puedes conectar tus dispositivos por las entradas USB y HDMI y as\u00ed sacar provecho de tus dispositivos para reproducir tu m\u00fasica o competir [&hellip;]<\/p>\n","protected":false},"featured_media":1990,"comment_status":"open","ping_status":"closed","template":"","meta":[],"product_brand":[68],"product_cat":[18],"product_tag":[],"class_list":{"0":"post-1989","1":"product","2":"type-product","3":"status-publish","4":"has-post-thumbnail","6":"product_brand-lg","7":"product_cat-televisores","9":"first","10":"onbackorder","11":"shipping-taxable","12":"purchasable","13":"product-type-simple"},"aioseo_notices":[],"_links":{"self":[{"href":"https:\/\/smartket.online\/index.php\/wp-json\/wp\/v2\/product\/1989","targetHints":{"allow":["GET"]}}],"collection":[{"href":"https:\/\/smartket.online\/index.php\/wp-json\/wp\/v2\/product"}],"about":[{"href":"https:\/\/smartket.online\/index.php\/wp-json\/wp\/v2\/types\/product"}],"replies":[{"embeddable":true,"href":"https:\/\/smartket.online\/index.php\/wp-json\/wp\/v2\/comments?post=1989"}],"wp:featuredmedia":[{"embeddable":true,"href":"https:\/\/smartket.online\/index.php\/wp-json\/wp\/v2\/media\/1990"}],"wp:attachment":[{"href":"https:\/\/smartket.online\/index.php\/wp-json\/wp\/v2\/media?parent=1989"}],"wp:term":[{"taxonomy":"product_brand","embeddable":true,"href":"https:\/\/smartket.online\/index.php\/wp-json\/wp\/v2\/product_brand?post=1989"},{"taxonomy":"product_cat","embeddable":true,"href":"https:\/\/smartket.online\/index.php\/wp-json\/wp\/v2\/product_cat?post=1989"},{"taxonomy":"product_tag","embeddable":true,"href":"https:\/\/smartket.online\/index.php\/wp-json\/wp\/v2\/product_tag?post=1989"}],"curies":[{"name":"wp","href":"https:\/\/api.w.org\/{rel}","templated":true}]}}