{"id":1992,"date":"2025-08-31T22:20:59","date_gmt":"2025-09-01T03:20:59","guid":{"rendered":"https:\/\/smartket.online\/?post_type=product&#038;p=1992"},"modified":"2025-09-01T00:41:48","modified_gmt":"2025-09-01T05:41:48","slug":"smart-tv-webos-lg-55-55-ur7410-uhd-4k","status":"publish","type":"product","link":"https:\/\/smartket.online\/index.php\/producto\/smart-tv-webos-lg-55-55-ur7410-uhd-4k\/","title":{"rendered":"Smart TV webOS LG 55&#8243; 55-UR7410 UHD-4K"},"content":{"rendered":"<p>El LG Smart TV 55-UR7410 de 55 pulgadas brinda una calidad de imagen espectacular en 4K Ultra HD. Equipado con WebOS, WiFi, y Bluetooth, ofrece acceso a aplicaciones, streaming y conectividad para dispositivos externos. Sus 3 entradas HDMI, 2 puertos USB, y dise\u00f1o estilizado lo convierten en la opci\u00f3n perfecta para aquellos que buscan un televisor completo en funciones y tecnolog\u00eda.<\/p>\n","protected":false},"excerpt":{"rendered":"<p>El LG Smart TV 55-UR7410 de 55 pulgadas brinda una calidad de imagen espectacular en 4K Ultra HD. Equipado con WebOS, WiFi, y Bluetooth, ofrece acceso a aplicaciones, streaming y conectividad para dispositivos externos. Sus 3 entradas HDMI, 2 puertos USB, y dise\u00f1o estilizado lo convierten en la opci\u00f3n perfecta para aquellos que buscan un [&hellip;]<\/p>\n","protected":false},"featured_media":1993,"comment_status":"open","ping_status":"closed","template":"","meta":[],"product_brand":[68],"product_cat":[18],"product_tag":[],"class_list":{"0":"post-1992","1":"product","2":"type-product","3":"status-publish","4":"has-post-thumbnail","6":"product_brand-lg","7":"product_cat-televisores","9":"first","10":"onbackorder","11":"shipping-taxable","12":"purchasable","13":"product-type-simple"},"aioseo_notices":[],"_links":{"self":[{"href":"https:\/\/smartket.online\/index.php\/wp-json\/wp\/v2\/product\/1992","targetHints":{"allow":["GET"]}}],"collection":[{"href":"https:\/\/smartket.online\/index.php\/wp-json\/wp\/v2\/product"}],"about":[{"href":"https:\/\/smartket.online\/index.php\/wp-json\/wp\/v2\/types\/product"}],"replies":[{"embeddable":true,"href":"https:\/\/smartket.online\/index.php\/wp-json\/wp\/v2\/comments?post=1992"}],"wp:featuredmedia":[{"embeddable":true,"href":"https:\/\/smartket.online\/index.php\/wp-json\/wp\/v2\/media\/1993"}],"wp:attachment":[{"href":"https:\/\/smartket.online\/index.php\/wp-json\/wp\/v2\/media?parent=1992"}],"wp:term":[{"taxonomy":"product_brand","embeddable":true,"href":"https:\/\/smartket.online\/index.php\/wp-json\/wp\/v2\/product_brand?post=1992"},{"taxonomy":"product_cat","embeddable":true,"href":"https:\/\/smartket.online\/index.php\/wp-json\/wp\/v2\/product_cat?post=1992"},{"taxonomy":"product_tag","embeddable":true,"href":"https:\/\/smartket.online\/index.php\/wp-json\/wp\/v2\/product_tag?post=1992"}],"curies":[{"name":"wp","href":"https:\/\/api.w.org\/{rel}","templated":true}]}}