{"id":1995,"date":"2025-08-31T22:48:39","date_gmt":"2025-09-01T03:48:39","guid":{"rendered":"https:\/\/smartket.online\/?post_type=product&#038;p=1995"},"modified":"2025-08-31T23:39:01","modified_gmt":"2025-09-01T04:39:01","slug":"estufa-de-piso-haceb-4-puestos-gabinete-vidrio-plata","status":"publish","type":"product","link":"https:\/\/smartket.online\/index.php\/producto\/estufa-de-piso-haceb-4-puestos-gabinete-vidrio-plata\/","title":{"rendered":"Estufa de Piso HACEB 4 Puestos Gabinete Vidrio Plata"},"content":{"rendered":"<div id=\"product-description-short-43\" class=\"product-description\">\n<p>La estufa Romero Gabinete HACEB color plata, es el mejor aliado de tu cocina, con su amplio gabinete y pr\u00e1ctico porta-utensilios, su mesa en acero inoxidable, su espaldar para proteger permite una f\u00e1cil limpieza y su versatilidad de cocci\u00f3n con sus fuentes de diferentes tama\u00f1os. \u00a1C\u00f3mprala ahora!<\/p>\n<\/div>\n<div class=\"product-actions\">\n<form id=\"add-to-cart-or-refresh\" action=\"https:\/\/distribuidoraelectrojapones.com\/carrito\" method=\"post\">\n<div class=\"product-variants js-product-variants\"><\/div>\n<section class=\"product-discounts js-product-discounts\"><\/section>\n<div class=\"product-additional-info js-product-additional-info\">\n<h3><\/h3>\n<\/div>\n<\/form>\n<\/div>\n","protected":false},"excerpt":{"rendered":"<p>La estufa Romero Gabinete HACEB color plata, es el mejor aliado de tu cocina, con su amplio gabinete y pr\u00e1ctico porta-utensilios, su mesa en acero inoxidable, su espaldar para proteger permite una f\u00e1cil limpieza y su versatilidad de cocci\u00f3n con sus fuentes de diferentes tama\u00f1os. \u00a1C\u00f3mprala ahora!<\/p>\n","protected":false},"featured_media":2008,"comment_status":"open","ping_status":"closed","template":"","meta":[],"product_brand":[72],"product_cat":[70],"product_tag":[],"class_list":{"0":"post-1995","1":"product","2":"type-product","3":"status-publish","4":"has-post-thumbnail","6":"product_brand-estufas","7":"product_cat-estufas","9":"first","10":"instock","11":"shipping-taxable","12":"purchasable","13":"product-type-simple"},"aioseo_notices":[],"_links":{"self":[{"href":"https:\/\/smartket.online\/index.php\/wp-json\/wp\/v2\/product\/1995","targetHints":{"allow":["GET"]}}],"collection":[{"href":"https:\/\/smartket.online\/index.php\/wp-json\/wp\/v2\/product"}],"about":[{"href":"https:\/\/smartket.online\/index.php\/wp-json\/wp\/v2\/types\/product"}],"replies":[{"embeddable":true,"href":"https:\/\/smartket.online\/index.php\/wp-json\/wp\/v2\/comments?post=1995"}],"wp:featuredmedia":[{"embeddable":true,"href":"https:\/\/smartket.online\/index.php\/wp-json\/wp\/v2\/media\/2008"}],"wp:attachment":[{"href":"https:\/\/smartket.online\/index.php\/wp-json\/wp\/v2\/media?parent=1995"}],"wp:term":[{"taxonomy":"product_brand","embeddable":true,"href":"https:\/\/smartket.online\/index.php\/wp-json\/wp\/v2\/product_brand?post=1995"},{"taxonomy":"product_cat","embeddable":true,"href":"https:\/\/smartket.online\/index.php\/wp-json\/wp\/v2\/product_cat?post=1995"},{"taxonomy":"product_tag","embeddable":true,"href":"https:\/\/smartket.online\/index.php\/wp-json\/wp\/v2\/product_tag?post=1995"}],"curies":[{"name":"wp","href":"https:\/\/api.w.org\/{rel}","templated":true}]}}