{"id":2011,"date":"2025-08-31T23:39:21","date_gmt":"2025-09-01T04:39:21","guid":{"rendered":"https:\/\/smartket.online\/?post_type=product&#038;p=2011"},"modified":"2025-08-31T23:47:26","modified_gmt":"2025-09-01T04:47:26","slug":"estufa-de-piso-haceb-4-puestos-romero-50-vidrio-mixta-3x1-plata","status":"publish","type":"product","link":"https:\/\/smartket.online\/index.php\/producto\/estufa-de-piso-haceb-4-puestos-romero-50-vidrio-mixta-3x1-plata\/","title":{"rendered":"Estufa de Piso HACEB 4 Puestos Romero 50-Vidrio Mixta 3&#215;1 Plata"},"content":{"rendered":"<div id=\"product-description-short-43\" class=\"product-description\">\n<p>La estufa Romero mixta HACEB color plata a gas natural, es la mejor opci\u00f3n en versatilidad y funcionalidad. Sus 3 quemadores semir\u00e1pidos y 1 resistencia el\u00e9ctrica te dan diversas posibilidades al momento de cocinar. Adem\u00e1s, el su horno con el visor 65% m\u00e1s amplio te permitir\u00e1 hacer seguimiento a tus recetas sin abrir la puerta. \u00a1Ve y ll\u00e9vala a tu hogar!<\/p>\n<\/div>\n","protected":false},"excerpt":{"rendered":"<p>La estufa Romero mixta HACEB color plata a gas natural, es la mejor opci\u00f3n en versatilidad y funcionalidad. Sus 3 quemadores semir\u00e1pidos y 1 resistencia el\u00e9ctrica te dan diversas posibilidades al momento de cocinar. Adem\u00e1s, el su horno con el visor 65% m\u00e1s amplio te permitir\u00e1 hacer seguimiento a tus recetas sin abrir la puerta. [&hellip;]<\/p>\n","protected":false},"featured_media":2012,"comment_status":"open","ping_status":"closed","template":"","meta":[],"product_brand":[72],"product_cat":[70],"product_tag":[],"class_list":{"0":"post-2011","1":"product","2":"type-product","3":"status-publish","4":"has-post-thumbnail","6":"product_brand-estufas","7":"product_cat-estufas","9":"first","10":"instock","11":"shipping-taxable","12":"purchasable","13":"product-type-simple"},"aioseo_notices":[],"_links":{"self":[{"href":"https:\/\/smartket.online\/index.php\/wp-json\/wp\/v2\/product\/2011","targetHints":{"allow":["GET"]}}],"collection":[{"href":"https:\/\/smartket.online\/index.php\/wp-json\/wp\/v2\/product"}],"about":[{"href":"https:\/\/smartket.online\/index.php\/wp-json\/wp\/v2\/types\/product"}],"replies":[{"embeddable":true,"href":"https:\/\/smartket.online\/index.php\/wp-json\/wp\/v2\/comments?post=2011"}],"wp:featuredmedia":[{"embeddable":true,"href":"https:\/\/smartket.online\/index.php\/wp-json\/wp\/v2\/media\/2012"}],"wp:attachment":[{"href":"https:\/\/smartket.online\/index.php\/wp-json\/wp\/v2\/media?parent=2011"}],"wp:term":[{"taxonomy":"product_brand","embeddable":true,"href":"https:\/\/smartket.online\/index.php\/wp-json\/wp\/v2\/product_brand?post=2011"},{"taxonomy":"product_cat","embeddable":true,"href":"https:\/\/smartket.online\/index.php\/wp-json\/wp\/v2\/product_cat?post=2011"},{"taxonomy":"product_tag","embeddable":true,"href":"https:\/\/smartket.online\/index.php\/wp-json\/wp\/v2\/product_tag?post=2011"}],"curies":[{"name":"wp","href":"https:\/\/api.w.org\/{rel}","templated":true}]}}