{"id":2017,"date":"2025-08-31T23:48:25","date_gmt":"2025-09-01T04:48:25","guid":{"rendered":"https:\/\/smartket.online\/?post_type=product&#038;p=2017"},"modified":"2025-08-31T23:52:05","modified_gmt":"2025-09-01T04:52:05","slug":"estufa-de-piso-haceb-4-puestos-romero-ultra-50-torre-inox","status":"publish","type":"product","link":"https:\/\/smartket.online\/index.php\/producto\/estufa-de-piso-haceb-4-puestos-romero-ultra-50-torre-inox\/","title":{"rendered":"Estufa de Piso HACEB 4 Puestos Romero Ultra 50-Torre Inox"},"content":{"rendered":"<div id=\"product-description-short-43\" class=\"product-description\">\n<p>S\u00e9 un experto de la cocci\u00f3n con la estufa HACEB Romero Ultra inox gas natural. Es la combinaci\u00f3n perfecta entre el acero inoxidable, parrillas en hierro fundido, encendido el\u00e9ctrico y sus perillas ergon\u00f3micas. Contin\u00faa explorando las mejores recetas con su entrepa\u00f1o retr\u00e1ctil y gratinador, todo de manera segura gracias a que evita fugas de gas y sobrecalentamiento. \u00a1Pide la tuya!<\/p>\n<\/div>\n","protected":false},"excerpt":{"rendered":"<p>S\u00e9 un experto de la cocci\u00f3n con la estufa HACEB Romero Ultra inox gas natural. Es la combinaci\u00f3n perfecta entre el acero inoxidable, parrillas en hierro fundido, encendido el\u00e9ctrico y sus perillas ergon\u00f3micas. Contin\u00faa explorando las mejores recetas con su entrepa\u00f1o retr\u00e1ctil y gratinador, todo de manera segura gracias a que evita fugas de gas [&hellip;]<\/p>\n","protected":false},"featured_media":2018,"comment_status":"open","ping_status":"closed","template":"","meta":[],"product_brand":[72],"product_cat":[70],"product_tag":[],"class_list":{"0":"post-2017","1":"product","2":"type-product","3":"status-publish","4":"has-post-thumbnail","6":"product_brand-estufas","7":"product_cat-estufas","9":"first","10":"instock","11":"shipping-taxable","12":"purchasable","13":"product-type-simple"},"aioseo_notices":[],"_links":{"self":[{"href":"https:\/\/smartket.online\/index.php\/wp-json\/wp\/v2\/product\/2017","targetHints":{"allow":["GET"]}}],"collection":[{"href":"https:\/\/smartket.online\/index.php\/wp-json\/wp\/v2\/product"}],"about":[{"href":"https:\/\/smartket.online\/index.php\/wp-json\/wp\/v2\/types\/product"}],"replies":[{"embeddable":true,"href":"https:\/\/smartket.online\/index.php\/wp-json\/wp\/v2\/comments?post=2017"}],"wp:featuredmedia":[{"embeddable":true,"href":"https:\/\/smartket.online\/index.php\/wp-json\/wp\/v2\/media\/2018"}],"wp:attachment":[{"href":"https:\/\/smartket.online\/index.php\/wp-json\/wp\/v2\/media?parent=2017"}],"wp:term":[{"taxonomy":"product_brand","embeddable":true,"href":"https:\/\/smartket.online\/index.php\/wp-json\/wp\/v2\/product_brand?post=2017"},{"taxonomy":"product_cat","embeddable":true,"href":"https:\/\/smartket.online\/index.php\/wp-json\/wp\/v2\/product_cat?post=2017"},{"taxonomy":"product_tag","embeddable":true,"href":"https:\/\/smartket.online\/index.php\/wp-json\/wp\/v2\/product_tag?post=2017"}],"curies":[{"name":"wp","href":"https:\/\/api.w.org\/{rel}","templated":true}]}}