{"id":2021,"date":"2025-08-31T23:53:12","date_gmt":"2025-09-01T04:53:12","guid":{"rendered":"https:\/\/smartket.online\/?post_type=product&#038;p=2021"},"modified":"2025-08-31T23:59:12","modified_gmt":"2025-09-01T04:59:12","slug":"estufa-de-piso-haceb-4-puestos-romero-cristal-inox","status":"publish","type":"product","link":"https:\/\/smartket.online\/index.php\/producto\/estufa-de-piso-haceb-4-puestos-romero-cristal-inox\/","title":{"rendered":"Estufa de piso HACEB 4 Puestos ROMERO Cristal Inox"},"content":{"rendered":"<div id=\"product-description-short-43\" class=\"product-description\">\n<p>Haz que brille tu espacio favorito en casa con la Estufa Romero Cristal HACEB Inox, lleva a casa los contrastes \u00fanicos que te brinda la estufa. S\u00e9 un experto cocinando m\u00e1s r\u00e1pido gracias al fog\u00f3n 35% m\u00e1s potente, el gratinador el\u00e9ctrico en curvas y su entrepa\u00f1o retr\u00e1ctil. Adem\u00e1s, cocina seguro con las parrillas en hierro fundido, el sistema anti sobrecalentamiento y evita fuga de gas. \u00a1Adqui\u00e9rela ahora!<\/p>\n<\/div>\n","protected":false},"excerpt":{"rendered":"<p>Haz que brille tu espacio favorito en casa con la Estufa Romero Cristal HACEB Inox, lleva a casa los contrastes \u00fanicos que te brinda la estufa. S\u00e9 un experto cocinando m\u00e1s r\u00e1pido gracias al fog\u00f3n 35% m\u00e1s potente, el gratinador el\u00e9ctrico en curvas y su entrepa\u00f1o retr\u00e1ctil. Adem\u00e1s, cocina seguro con las parrillas en hierro [&hellip;]<\/p>\n","protected":false},"featured_media":2022,"comment_status":"open","ping_status":"closed","template":"","meta":[],"product_brand":[72],"product_cat":[70],"product_tag":[],"class_list":{"0":"post-2021","1":"product","2":"type-product","3":"status-publish","4":"has-post-thumbnail","6":"product_brand-estufas","7":"product_cat-estufas","9":"first","10":"onbackorder","11":"shipping-taxable","12":"purchasable","13":"product-type-simple"},"aioseo_notices":[],"_links":{"self":[{"href":"https:\/\/smartket.online\/index.php\/wp-json\/wp\/v2\/product\/2021","targetHints":{"allow":["GET"]}}],"collection":[{"href":"https:\/\/smartket.online\/index.php\/wp-json\/wp\/v2\/product"}],"about":[{"href":"https:\/\/smartket.online\/index.php\/wp-json\/wp\/v2\/types\/product"}],"replies":[{"embeddable":true,"href":"https:\/\/smartket.online\/index.php\/wp-json\/wp\/v2\/comments?post=2021"}],"wp:featuredmedia":[{"embeddable":true,"href":"https:\/\/smartket.online\/index.php\/wp-json\/wp\/v2\/media\/2022"}],"wp:attachment":[{"href":"https:\/\/smartket.online\/index.php\/wp-json\/wp\/v2\/media?parent=2021"}],"wp:term":[{"taxonomy":"product_brand","embeddable":true,"href":"https:\/\/smartket.online\/index.php\/wp-json\/wp\/v2\/product_brand?post=2021"},{"taxonomy":"product_cat","embeddable":true,"href":"https:\/\/smartket.online\/index.php\/wp-json\/wp\/v2\/product_cat?post=2021"},{"taxonomy":"product_tag","embeddable":true,"href":"https:\/\/smartket.online\/index.php\/wp-json\/wp\/v2\/product_tag?post=2021"}],"curies":[{"name":"wp","href":"https:\/\/api.w.org\/{rel}","templated":true}]}}