{"id":2030,"date":"2025-09-01T00:12:03","date_gmt":"2025-09-01T05:12:03","guid":{"rendered":"https:\/\/smartket.online\/?post_type=product&#038;p=2030"},"modified":"2025-09-01T00:17:00","modified_gmt":"2025-09-01T05:17:00","slug":"nevera-haceb-no-frost-428-litros-nalc-448-miti-manija-interna-titanio","status":"publish","type":"product","link":"https:\/\/smartket.online\/index.php\/producto\/nevera-haceb-no-frost-428-litros-nalc-448-miti-manija-interna-titanio\/","title":{"rendered":"Nevera HACEB No Frost 428 Litros NALC-448-MITI Manija Interna Titanio"},"content":{"rendered":"<div id=\"tabsDescripcion\" class=\"row\">\n<div class=\"tab-content\">\n<div id=\"descripcion\" class=\"tab-pane active\">\n<div class=\"productDescription\">\n<p>Nevera HACEB NALC-448-MITI, dise\u00f1ada para alargar la vida de tus alimentos, gracias a su sistema de conservaci\u00f3n frio sectorizado seg\u00fan la necesidad, temperatura estable en cada zona evitando la propagaci\u00f3n de bacterias, corrientes de frio \u00f3ptimas, separador de frutas y verduras con control de humedad para conservarlas mejor, y compartimiento extra-fr\u00edo: zona para descongelar con menos cambios de temperatura. Haz tus preparaciones congeladas favoritas en pocas horas, con la funci\u00f3n congelamiento r\u00e1pido.<\/p>\n<\/div>\n<\/div>\n<\/div>\n<\/div>\n","protected":false},"excerpt":{"rendered":"<p>Nevera HACEB NALC-448-MITI, dise\u00f1ada para alargar la vida de tus alimentos, gracias a su sistema de conservaci\u00f3n frio sectorizado seg\u00fan la necesidad, temperatura estable en cada zona evitando la propagaci\u00f3n de bacterias, corrientes de frio \u00f3ptimas, separador de frutas y verduras con control de humedad para conservarlas mejor, y compartimiento extra-fr\u00edo: zona para descongelar con [&hellip;]<\/p>\n","protected":false},"featured_media":2034,"comment_status":"open","ping_status":"closed","template":"","meta":[],"product_brand":[],"product_cat":[20],"product_tag":[],"class_list":{"0":"post-2030","1":"product","2":"type-product","3":"status-publish","4":"has-post-thumbnail","6":"product_cat-neveras","8":"first","9":"onbackorder","10":"shipping-taxable","11":"purchasable","12":"product-type-simple"},"aioseo_notices":[],"_links":{"self":[{"href":"https:\/\/smartket.online\/index.php\/wp-json\/wp\/v2\/product\/2030","targetHints":{"allow":["GET"]}}],"collection":[{"href":"https:\/\/smartket.online\/index.php\/wp-json\/wp\/v2\/product"}],"about":[{"href":"https:\/\/smartket.online\/index.php\/wp-json\/wp\/v2\/types\/product"}],"replies":[{"embeddable":true,"href":"https:\/\/smartket.online\/index.php\/wp-json\/wp\/v2\/comments?post=2030"}],"wp:featuredmedia":[{"embeddable":true,"href":"https:\/\/smartket.online\/index.php\/wp-json\/wp\/v2\/media\/2034"}],"wp:attachment":[{"href":"https:\/\/smartket.online\/index.php\/wp-json\/wp\/v2\/media?parent=2030"}],"wp:term":[{"taxonomy":"product_brand","embeddable":true,"href":"https:\/\/smartket.online\/index.php\/wp-json\/wp\/v2\/product_brand?post=2030"},{"taxonomy":"product_cat","embeddable":true,"href":"https:\/\/smartket.online\/index.php\/wp-json\/wp\/v2\/product_cat?post=2030"},{"taxonomy":"product_tag","embeddable":true,"href":"https:\/\/smartket.online\/index.php\/wp-json\/wp\/v2\/product_tag?post=2030"}],"curies":[{"name":"wp","href":"https:\/\/api.w.org\/{rel}","templated":true}]}}