{"id":2036,"date":"2025-09-01T00:17:27","date_gmt":"2025-09-01T05:17:27","guid":{"rendered":"https:\/\/smartket.online\/?post_type=product&#038;p=2036"},"modified":"2025-09-01T00:19:32","modified_gmt":"2025-09-01T05:19:32","slug":"nevera-haceb-frost-250-lts-titanio-n-250ce-ti","status":"publish","type":"product","link":"https:\/\/smartket.online\/index.php\/producto\/nevera-haceb-frost-250-lts-titanio-n-250ce-ti\/","title":{"rendered":"Nevera HACEB Frost 250 Lts Titanio N-250CE-TI"},"content":{"rendered":"<div id=\"tabsDescripcion\" class=\"row\">\n<div class=\"tab-content\">\n<div id=\"descripcion\" class=\"tab-pane active\">\n<div class=\"productDescription\">\n<div id=\"product-description-short-269\" class=\"product-description\">\n<p>Nevera Frost HACEB N250CETI, dise\u00f1ada para alargar la vida de tus alimentos: Fr\u00edo sectorizado y estable en cada zona, corrientes de fr\u00edo \u00f3ptimas, y compartimiento extra-fr\u00edo para descongelar.<\/p>\n<\/div>\n<\/div>\n<\/div>\n<\/div>\n<\/div>\n","protected":false},"excerpt":{"rendered":"<p>Nevera Frost HACEB N250CETI, dise\u00f1ada para alargar la vida de tus alimentos: Fr\u00edo sectorizado y estable en cada zona, corrientes de fr\u00edo \u00f3ptimas, y compartimiento extra-fr\u00edo para descongelar.<\/p>\n","protected":false},"featured_media":2037,"comment_status":"open","ping_status":"closed","template":"","meta":[],"product_brand":[],"product_cat":[20],"product_tag":[],"class_list":{"0":"post-2036","1":"product","2":"type-product","3":"status-publish","4":"has-post-thumbnail","6":"product_cat-neveras","8":"first","9":"onbackorder","10":"shipping-taxable","11":"purchasable","12":"product-type-simple"},"aioseo_notices":[],"_links":{"self":[{"href":"https:\/\/smartket.online\/index.php\/wp-json\/wp\/v2\/product\/2036","targetHints":{"allow":["GET"]}}],"collection":[{"href":"https:\/\/smartket.online\/index.php\/wp-json\/wp\/v2\/product"}],"about":[{"href":"https:\/\/smartket.online\/index.php\/wp-json\/wp\/v2\/types\/product"}],"replies":[{"embeddable":true,"href":"https:\/\/smartket.online\/index.php\/wp-json\/wp\/v2\/comments?post=2036"}],"wp:featuredmedia":[{"embeddable":true,"href":"https:\/\/smartket.online\/index.php\/wp-json\/wp\/v2\/media\/2037"}],"wp:attachment":[{"href":"https:\/\/smartket.online\/index.php\/wp-json\/wp\/v2\/media?parent=2036"}],"wp:term":[{"taxonomy":"product_brand","embeddable":true,"href":"https:\/\/smartket.online\/index.php\/wp-json\/wp\/v2\/product_brand?post=2036"},{"taxonomy":"product_cat","embeddable":true,"href":"https:\/\/smartket.online\/index.php\/wp-json\/wp\/v2\/product_cat?post=2036"},{"taxonomy":"product_tag","embeddable":true,"href":"https:\/\/smartket.online\/index.php\/wp-json\/wp\/v2\/product_tag?post=2036"}],"curies":[{"name":"wp","href":"https:\/\/api.w.org\/{rel}","templated":true}]}}