{"id":2044,"date":"2025-09-01T00:25:38","date_gmt":"2025-09-01T05:25:38","guid":{"rendered":"https:\/\/smartket.online\/?post_type=product&#038;p=2044"},"modified":"2025-09-01T00:28:45","modified_gmt":"2025-09-01T05:28:45","slug":"nevera-haceb-frost-213-litros-n-220ce-ti-titanio","status":"publish","type":"product","link":"https:\/\/smartket.online\/index.php\/producto\/nevera-haceb-frost-213-litros-n-220ce-ti-titanio\/","title":{"rendered":"Nevera HACEB Frost 213 Litros N-220CE-TI Titanio"},"content":{"rendered":"<div id=\"tabsDescripcion\" class=\"row\">\n<div class=\"tab-content\">\n<div id=\"descripcion\" class=\"tab-pane active\">\n<div class=\"productDescription\">\n<p>Nevera Frost HACEB N-220CE-TI dise\u00f1ada para alargar la vida de tus alimentos: fr\u00edo sectorizado y estable en cada zona, corrientes de fr\u00edo \u00f3ptimas, y compartimiento extra-fr\u00edo para descongelar. Cuenta con bandeja de vegetales con control de humedad para que tus alimentos permanezcan frescos por m\u00e1s tiempo. \u00a1Lleva la tuya ahora!<\/p>\n<\/div>\n<\/div>\n<\/div>\n<\/div>\n","protected":false},"excerpt":{"rendered":"<p>Nevera Frost HACEB N-220CE-TI dise\u00f1ada para alargar la vida de tus alimentos: fr\u00edo sectorizado y estable en cada zona, corrientes de fr\u00edo \u00f3ptimas, y compartimiento extra-fr\u00edo para descongelar. Cuenta con bandeja de vegetales con control de humedad para que tus alimentos permanezcan frescos por m\u00e1s tiempo. \u00a1Lleva la tuya ahora!<\/p>\n","protected":false},"featured_media":2045,"comment_status":"open","ping_status":"closed","template":"","meta":[],"product_brand":[],"product_cat":[20],"product_tag":[],"class_list":{"0":"post-2044","1":"product","2":"type-product","3":"status-publish","4":"has-post-thumbnail","6":"product_cat-neveras","8":"first","9":"onbackorder","10":"shipping-taxable","11":"purchasable","12":"product-type-simple"},"aioseo_notices":[],"_links":{"self":[{"href":"https:\/\/smartket.online\/index.php\/wp-json\/wp\/v2\/product\/2044","targetHints":{"allow":["GET"]}}],"collection":[{"href":"https:\/\/smartket.online\/index.php\/wp-json\/wp\/v2\/product"}],"about":[{"href":"https:\/\/smartket.online\/index.php\/wp-json\/wp\/v2\/types\/product"}],"replies":[{"embeddable":true,"href":"https:\/\/smartket.online\/index.php\/wp-json\/wp\/v2\/comments?post=2044"}],"wp:featuredmedia":[{"embeddable":true,"href":"https:\/\/smartket.online\/index.php\/wp-json\/wp\/v2\/media\/2045"}],"wp:attachment":[{"href":"https:\/\/smartket.online\/index.php\/wp-json\/wp\/v2\/media?parent=2044"}],"wp:term":[{"taxonomy":"product_brand","embeddable":true,"href":"https:\/\/smartket.online\/index.php\/wp-json\/wp\/v2\/product_brand?post=2044"},{"taxonomy":"product_cat","embeddable":true,"href":"https:\/\/smartket.online\/index.php\/wp-json\/wp\/v2\/product_cat?post=2044"},{"taxonomy":"product_tag","embeddable":true,"href":"https:\/\/smartket.online\/index.php\/wp-json\/wp\/v2\/product_tag?post=2044"}],"curies":[{"name":"wp","href":"https:\/\/api.w.org\/{rel}","templated":true}]}}