{"id":2117,"date":"2025-09-01T21:16:18","date_gmt":"2025-09-02T02:16:18","guid":{"rendered":"https:\/\/smartket.online\/?post_type=product&#038;p=2117"},"modified":"2025-09-01T21:19:22","modified_gmt":"2025-09-02T02:19:22","slug":"nevera-mabe-no-frost-394-litros-rmp400flcg-grafito","status":"publish","type":"product","link":"https:\/\/smartket.online\/index.php\/producto\/nevera-mabe-no-frost-394-litros-rmp400flcg-grafito\/","title":{"rendered":"Nevera MABE No Frost 394 Litros RMP400FLCG Grafito"},"content":{"rendered":"<div id=\"tabsDescripcion\" class=\"row\">\n<div class=\"tab-content\">\n<div id=\"descripcion\" class=\"tab-pane active\">\n<div class=\"productDescription\">\n<ul class=\"tiendasjumboqaio-metro-custom-pages-2-x-layoutListcontainer\">\n<li class=\"tiendasjumboqaio-metro-custom-pages-2-x-layoutListElement\">La nevera RMP400FLCG1 MABE no frost Grafito tiene Tecnolog\u00eda Home Energy Saver. Ahorra hasta un 56% de energ\u00eda con el compresor Eco Advance. Te da m\u00e1s frescura con el sistema Total Fresh Flow, mejora la distribuci\u00f3n del aire y la conservaci\u00f3n de tus alimentos. Te da m\u00e1s espacios inteligentes que permiten organizar con facilidad. No esperes m\u00e1s \u00a1Adqui\u00e9rela aqu\u00ed!<\/li>\n<\/ul>\n<\/div>\n<\/div>\n<\/div>\n<\/div>\n","protected":false},"excerpt":{"rendered":"<p>La nevera RMP400FLCG1 MABE no frost Grafito tiene Tecnolog\u00eda Home Energy Saver. Ahorra hasta un 56% de energ\u00eda con el compresor Eco Advance. Te da m\u00e1s frescura con el sistema Total Fresh Flow, mejora la distribuci\u00f3n del aire y la conservaci\u00f3n de tus alimentos. Te da m\u00e1s espacios inteligentes que permiten organizar con facilidad. No [&hellip;]<\/p>\n","protected":false},"featured_media":2118,"comment_status":"open","ping_status":"closed","template":"","meta":[],"product_brand":[],"product_cat":[20],"product_tag":[],"class_list":{"0":"post-2117","1":"product","2":"type-product","3":"status-publish","4":"has-post-thumbnail","6":"product_cat-neveras","8":"first","9":"onbackorder","10":"shipping-taxable","11":"purchasable","12":"product-type-simple"},"aioseo_notices":[],"_links":{"self":[{"href":"https:\/\/smartket.online\/index.php\/wp-json\/wp\/v2\/product\/2117","targetHints":{"allow":["GET"]}}],"collection":[{"href":"https:\/\/smartket.online\/index.php\/wp-json\/wp\/v2\/product"}],"about":[{"href":"https:\/\/smartket.online\/index.php\/wp-json\/wp\/v2\/types\/product"}],"replies":[{"embeddable":true,"href":"https:\/\/smartket.online\/index.php\/wp-json\/wp\/v2\/comments?post=2117"}],"wp:featuredmedia":[{"embeddable":true,"href":"https:\/\/smartket.online\/index.php\/wp-json\/wp\/v2\/media\/2118"}],"wp:attachment":[{"href":"https:\/\/smartket.online\/index.php\/wp-json\/wp\/v2\/media?parent=2117"}],"wp:term":[{"taxonomy":"product_brand","embeddable":true,"href":"https:\/\/smartket.online\/index.php\/wp-json\/wp\/v2\/product_brand?post=2117"},{"taxonomy":"product_cat","embeddable":true,"href":"https:\/\/smartket.online\/index.php\/wp-json\/wp\/v2\/product_cat?post=2117"},{"taxonomy":"product_tag","embeddable":true,"href":"https:\/\/smartket.online\/index.php\/wp-json\/wp\/v2\/product_tag?post=2117"}],"curies":[{"name":"wp","href":"https:\/\/api.w.org\/{rel}","templated":true}]}}