{"id":2125,"date":"2025-09-01T21:36:29","date_gmt":"2025-09-02T02:36:29","guid":{"rendered":"https:\/\/smartket.online\/?post_type=product&#038;p=2125"},"modified":"2025-09-01T21:38:19","modified_gmt":"2025-09-02T02:38:19","slug":"nevera-mabe-no-frost-congelador-superior-250-ltrs-rma267pycu-inox","status":"publish","type":"product","link":"https:\/\/smartket.online\/index.php\/producto\/nevera-mabe-no-frost-congelador-superior-250-ltrs-rma267pycu-inox\/","title":{"rendered":"Nevera MABE No Frost Congelador Superior 250 Ltrs RMA267PYCU Inox"},"content":{"rendered":"<div id=\"tabsDescripcion\" class=\"row\">\n<div class=\"tab-content\">\n<div id=\"descripcion\" class=\"tab-pane active\">\n<div class=\"productDescription\">\n<ul class=\"tiendasjumboqaio-metro-custom-pages-2-x-layoutListcontainer\">\n<li class=\"tiendasjumboqaio-metro-custom-pages-2-x-layoutListElement\">Nuestra nevera MABE RMA-267PYCU con tecnolog\u00eda Home Energy Saver ahorra hasta un 56% de energ\u00eda, gracias al compresor Eco Advance y gas refrigerante R600. Cuidamos tu bolsillo con componentes de alta eficiencia que maximizan el ahorro de energ\u00eda. Te da m\u00e1s frescura con el sistema Total Fresh Flow, que mejora la distribuci\u00f3n del aire y as\u00ed tus alimentos se conservan por mucho m\u00e1s tiempo. Los espacios inteligentes permiten organizar con facilidad todo tipo de bebidas y recipientes.<\/li>\n<\/ul>\n<\/div>\n<\/div>\n<\/div>\n<\/div>\n","protected":false},"excerpt":{"rendered":"<p>Nuestra nevera MABE RMA-267PYCU con tecnolog\u00eda Home Energy Saver ahorra hasta un 56% de energ\u00eda, gracias al compresor Eco Advance y gas refrigerante R600. Cuidamos tu bolsillo con componentes de alta eficiencia que maximizan el ahorro de energ\u00eda. Te da m\u00e1s frescura con el sistema Total Fresh Flow, que mejora la distribuci\u00f3n del aire y [&hellip;]<\/p>\n","protected":false},"featured_media":2126,"comment_status":"open","ping_status":"closed","template":"","meta":[],"product_brand":[],"product_cat":[20],"product_tag":[],"class_list":{"0":"post-2125","1":"product","2":"type-product","3":"status-publish","4":"has-post-thumbnail","6":"product_cat-neveras","8":"first","9":"onbackorder","10":"shipping-taxable","11":"purchasable","12":"product-type-simple"},"aioseo_notices":[],"_links":{"self":[{"href":"https:\/\/smartket.online\/index.php\/wp-json\/wp\/v2\/product\/2125","targetHints":{"allow":["GET"]}}],"collection":[{"href":"https:\/\/smartket.online\/index.php\/wp-json\/wp\/v2\/product"}],"about":[{"href":"https:\/\/smartket.online\/index.php\/wp-json\/wp\/v2\/types\/product"}],"replies":[{"embeddable":true,"href":"https:\/\/smartket.online\/index.php\/wp-json\/wp\/v2\/comments?post=2125"}],"wp:featuredmedia":[{"embeddable":true,"href":"https:\/\/smartket.online\/index.php\/wp-json\/wp\/v2\/media\/2126"}],"wp:attachment":[{"href":"https:\/\/smartket.online\/index.php\/wp-json\/wp\/v2\/media?parent=2125"}],"wp:term":[{"taxonomy":"product_brand","embeddable":true,"href":"https:\/\/smartket.online\/index.php\/wp-json\/wp\/v2\/product_brand?post=2125"},{"taxonomy":"product_cat","embeddable":true,"href":"https:\/\/smartket.online\/index.php\/wp-json\/wp\/v2\/product_cat?post=2125"},{"taxonomy":"product_tag","embeddable":true,"href":"https:\/\/smartket.online\/index.php\/wp-json\/wp\/v2\/product_tag?post=2125"}],"curies":[{"name":"wp","href":"https:\/\/api.w.org\/{rel}","templated":true}]}}