{"id":2131,"date":"2025-09-01T21:47:39","date_gmt":"2025-09-02T02:47:39","guid":{"rendered":"https:\/\/smartket.online\/?post_type=product&#038;p=2131"},"modified":"2025-09-01T21:50:29","modified_gmt":"2025-09-02T02:50:29","slug":"lavadora-mabe-carga-superior-9-kilos-lma-9020wdgab0-gris","status":"publish","type":"product","link":"https:\/\/smartket.online\/index.php\/producto\/lavadora-mabe-carga-superior-9-kilos-lma-9020wdgab0-gris\/","title":{"rendered":"Lavadora MABE Carga Superior 9 Kilos LMA-9020WDGAB0 Gris"},"content":{"rendered":"<p>La lavadora MABE LMA9020WDGAB0 es ideal para ayudarte a ahorrar tiempo y esfuerzo, gracias a sus 9 ciclos autom\u00e1ticos e inicio programado. Cuenta con tecnolog\u00eda Safe &amp; Clean que evita la reproducci\u00f3n de bacterias hasta un 99.99%. El dise\u00f1o de la canasta y el autobalance protegen tu ropa y la lavadora, para que est\u00e9n siempre como nuevas.<\/p>\n","protected":false},"excerpt":{"rendered":"<p>La lavadora MABE LMA9020WDGAB0 es ideal para ayudarte a ahorrar tiempo y esfuerzo, gracias a sus 9 ciclos autom\u00e1ticos e inicio programado. Cuenta con tecnolog\u00eda Safe &amp; Clean que evita la reproducci\u00f3n de bacterias hasta un 99.99%. El dise\u00f1o de la canasta y el autobalance protegen tu ropa y la lavadora, para que est\u00e9n siempre [&hellip;]<\/p>\n","protected":false},"featured_media":2129,"comment_status":"open","ping_status":"closed","template":"","meta":[],"product_brand":[68],"product_cat":[21],"product_tag":[],"class_list":{"0":"post-2131","1":"product","2":"type-product","3":"status-publish","4":"has-post-thumbnail","6":"product_brand-lg","7":"product_cat-lavadoras","9":"first","10":"onbackorder","11":"shipping-taxable","12":"purchasable","13":"product-type-simple"},"aioseo_notices":[],"_links":{"self":[{"href":"https:\/\/smartket.online\/index.php\/wp-json\/wp\/v2\/product\/2131","targetHints":{"allow":["GET"]}}],"collection":[{"href":"https:\/\/smartket.online\/index.php\/wp-json\/wp\/v2\/product"}],"about":[{"href":"https:\/\/smartket.online\/index.php\/wp-json\/wp\/v2\/types\/product"}],"replies":[{"embeddable":true,"href":"https:\/\/smartket.online\/index.php\/wp-json\/wp\/v2\/comments?post=2131"}],"wp:featuredmedia":[{"embeddable":true,"href":"https:\/\/smartket.online\/index.php\/wp-json\/wp\/v2\/media\/2129"}],"wp:attachment":[{"href":"https:\/\/smartket.online\/index.php\/wp-json\/wp\/v2\/media?parent=2131"}],"wp:term":[{"taxonomy":"product_brand","embeddable":true,"href":"https:\/\/smartket.online\/index.php\/wp-json\/wp\/v2\/product_brand?post=2131"},{"taxonomy":"product_cat","embeddable":true,"href":"https:\/\/smartket.online\/index.php\/wp-json\/wp\/v2\/product_cat?post=2131"},{"taxonomy":"product_tag","embeddable":true,"href":"https:\/\/smartket.online\/index.php\/wp-json\/wp\/v2\/product_tag?post=2131"}],"curies":[{"name":"wp","href":"https:\/\/api.w.org\/{rel}","templated":true}]}}