{"id":2136,"date":"2025-09-01T21:53:48","date_gmt":"2025-09-02T02:53:48","guid":{"rendered":"https:\/\/smartket.online\/?post_type=product&#038;p=2136"},"modified":"2025-09-01T22:00:29","modified_gmt":"2025-09-02T03:00:29","slug":"estufa-de-piso-mabe-4-puestos-gratinador-tx1-g-inox","status":"publish","type":"product","link":"https:\/\/smartket.online\/index.php\/producto\/estufa-de-piso-mabe-4-puestos-gratinador-tx1-g-inox\/","title":{"rendered":"Estufa de Piso MABE 4 Puestos Gratinador TX1-G Inox"},"content":{"rendered":"<div id=\"product-description-short-43\" class=\"product-description\">\n<p>Conoce la Estufa de piso MABE 4 Puestos gas natural TX1G-6CON color gris.| Con tecnolog\u00eda Ultimate, desde que inicias a preparar hasta que terminas de Limpiar. Quemadores Multi-tama\u00f1os. Encendido electr\u00f3nico. Cubierta en Acero Inoxidable. Perillas con Aros con dise\u00f1o de f\u00e1cil limpieza. Gratinador el\u00e9ctrico de mayor cobertura. F\u00e1cil Limpieza del Horno Easy CleanPRO. No esperes m\u00e1s \u00a1Adqui\u00e9rela aqu\u00ed!<\/p>\n<\/div>\n","protected":false},"excerpt":{"rendered":"<p>Conoce la Estufa de piso MABE 4 Puestos gas natural TX1G-6CON color gris.| Con tecnolog\u00eda Ultimate, desde que inicias a preparar hasta que terminas de Limpiar. Quemadores Multi-tama\u00f1os. Encendido electr\u00f3nico. Cubierta en Acero Inoxidable. Perillas con Aros con dise\u00f1o de f\u00e1cil limpieza. Gratinador el\u00e9ctrico de mayor cobertura. F\u00e1cil Limpieza del Horno Easy CleanPRO. No esperes [&hellip;]<\/p>\n","protected":false},"featured_media":2137,"comment_status":"open","ping_status":"closed","template":"","meta":[],"product_brand":[72],"product_cat":[70],"product_tag":[],"class_list":{"0":"post-2136","1":"product","2":"type-product","3":"status-publish","4":"has-post-thumbnail","6":"product_brand-estufas","7":"product_cat-estufas","9":"first","10":"onbackorder","11":"shipping-taxable","12":"purchasable","13":"product-type-simple"},"aioseo_notices":[],"_links":{"self":[{"href":"https:\/\/smartket.online\/index.php\/wp-json\/wp\/v2\/product\/2136","targetHints":{"allow":["GET"]}}],"collection":[{"href":"https:\/\/smartket.online\/index.php\/wp-json\/wp\/v2\/product"}],"about":[{"href":"https:\/\/smartket.online\/index.php\/wp-json\/wp\/v2\/types\/product"}],"replies":[{"embeddable":true,"href":"https:\/\/smartket.online\/index.php\/wp-json\/wp\/v2\/comments?post=2136"}],"wp:featuredmedia":[{"embeddable":true,"href":"https:\/\/smartket.online\/index.php\/wp-json\/wp\/v2\/media\/2137"}],"wp:attachment":[{"href":"https:\/\/smartket.online\/index.php\/wp-json\/wp\/v2\/media?parent=2136"}],"wp:term":[{"taxonomy":"product_brand","embeddable":true,"href":"https:\/\/smartket.online\/index.php\/wp-json\/wp\/v2\/product_brand?post=2136"},{"taxonomy":"product_cat","embeddable":true,"href":"https:\/\/smartket.online\/index.php\/wp-json\/wp\/v2\/product_cat?post=2136"},{"taxonomy":"product_tag","embeddable":true,"href":"https:\/\/smartket.online\/index.php\/wp-json\/wp\/v2\/product_tag?post=2136"}],"curies":[{"name":"wp","href":"https:\/\/api.w.org\/{rel}","templated":true}]}}