{"id":2152,"date":"2025-09-04T21:50:19","date_gmt":"2025-09-05T02:50:19","guid":{"rendered":"https:\/\/smartket.online\/?post_type=product&#038;p=2152"},"modified":"2025-09-04T21:55:32","modified_gmt":"2025-09-05T02:55:32","slug":"estufa-de-piso-haceb-4-puestos-mixta-romero-torre-3x1-plata","status":"publish","type":"product","link":"https:\/\/smartket.online\/index.php\/producto\/estufa-de-piso-haceb-4-puestos-mixta-romero-torre-3x1-plata\/","title":{"rendered":"Estufa de Piso HACEB 4 Puestos Mixta ROMERO Torre 3X1 Plata"},"content":{"rendered":"<div id=\"product-description-short-43\" class=\"product-description\">\n<p>La estufa HACEB ROMERO T MIX 3X1 PL a gas propano, es una muy buena opci\u00f3n para brindarte versatilidad y seguridad. Su quemador rapido, sus dos semirapidos y su resistencia el\u00e9ctrica te dan la versatilidad que necesitas al momento de cocinar. Adem\u00e1s, su amplio gabinete y pr\u00e1ctico porta-utensilios te brindan practicidad y su mesa en acero inoxidable y su espaldar, te facilitan la limpieza. \u00a1C\u00f3mprala ahora!<\/p>\n<\/div>\n","protected":false},"excerpt":{"rendered":"<p>La estufa HACEB ROMERO T MIX 3X1 PL a gas propano, es una muy buena opci\u00f3n para brindarte versatilidad y seguridad. Su quemador rapido, sus dos semirapidos y su resistencia el\u00e9ctrica te dan la versatilidad que necesitas al momento de cocinar. Adem\u00e1s, su amplio gabinete y pr\u00e1ctico porta-utensilios te brindan practicidad y su mesa en [&hellip;]<\/p>\n","protected":false},"featured_media":2153,"comment_status":"open","ping_status":"closed","template":"","meta":[],"product_brand":[72],"product_cat":[70],"product_tag":[],"class_list":{"0":"post-2152","1":"product","2":"type-product","3":"status-publish","4":"has-post-thumbnail","6":"product_brand-estufas","7":"product_cat-estufas","9":"first","10":"onbackorder","11":"shipping-taxable","12":"purchasable","13":"product-type-simple"},"aioseo_notices":[],"_links":{"self":[{"href":"https:\/\/smartket.online\/index.php\/wp-json\/wp\/v2\/product\/2152","targetHints":{"allow":["GET"]}}],"collection":[{"href":"https:\/\/smartket.online\/index.php\/wp-json\/wp\/v2\/product"}],"about":[{"href":"https:\/\/smartket.online\/index.php\/wp-json\/wp\/v2\/types\/product"}],"replies":[{"embeddable":true,"href":"https:\/\/smartket.online\/index.php\/wp-json\/wp\/v2\/comments?post=2152"}],"wp:featuredmedia":[{"embeddable":true,"href":"https:\/\/smartket.online\/index.php\/wp-json\/wp\/v2\/media\/2153"}],"wp:attachment":[{"href":"https:\/\/smartket.online\/index.php\/wp-json\/wp\/v2\/media?parent=2152"}],"wp:term":[{"taxonomy":"product_brand","embeddable":true,"href":"https:\/\/smartket.online\/index.php\/wp-json\/wp\/v2\/product_brand?post=2152"},{"taxonomy":"product_cat","embeddable":true,"href":"https:\/\/smartket.online\/index.php\/wp-json\/wp\/v2\/product_cat?post=2152"},{"taxonomy":"product_tag","embeddable":true,"href":"https:\/\/smartket.online\/index.php\/wp-json\/wp\/v2\/product_tag?post=2152"}],"curies":[{"name":"wp","href":"https:\/\/api.w.org\/{rel}","templated":true}]}}