{"id":2157,"date":"2025-09-04T21:55:48","date_gmt":"2025-09-05T02:55:48","guid":{"rendered":"https:\/\/smartket.online\/?post_type=product&#038;p=2157"},"modified":"2025-09-04T21:57:49","modified_gmt":"2025-09-05T02:57:49","slug":"estufa-de-piso-haceb-4-puestos-gabinete-torre-plata","status":"publish","type":"product","link":"https:\/\/smartket.online\/index.php\/producto\/estufa-de-piso-haceb-4-puestos-gabinete-torre-plata\/","title":{"rendered":"Estufa de Piso HACEB 4 Puestos Gabinete Torre Plata"},"content":{"rendered":"<div id=\"product-description-short-43\" class=\"product-description\">\n<p>La estufa Romero Gabinete HACEB color plata, es el mejor aliado de tu cocina, con su amplio gabinete y pr\u00e1ctico porta-utensilios, su mesa en acero inoxidable, su espaldar para proteger permite una f\u00e1cil limpieza y su versatilidad de cocci\u00f3n con sus fuentes de diferentes tama\u00f1os. \u00a1C\u00f3mprala ahora!<\/p>\n<\/div>\n","protected":false},"excerpt":{"rendered":"<p>La estufa Romero Gabinete HACEB color plata, es el mejor aliado de tu cocina, con su amplio gabinete y pr\u00e1ctico porta-utensilios, su mesa en acero inoxidable, su espaldar para proteger permite una f\u00e1cil limpieza y su versatilidad de cocci\u00f3n con sus fuentes de diferentes tama\u00f1os. \u00a1C\u00f3mprala ahora!<\/p>\n","protected":false},"featured_media":2158,"comment_status":"open","ping_status":"closed","template":"","meta":[],"product_brand":[72],"product_cat":[70],"product_tag":[],"class_list":{"0":"post-2157","1":"product","2":"type-product","3":"status-publish","4":"has-post-thumbnail","6":"product_brand-estufas","7":"product_cat-estufas","9":"first","10":"onbackorder","11":"shipping-taxable","12":"purchasable","13":"product-type-simple"},"aioseo_notices":[],"_links":{"self":[{"href":"https:\/\/smartket.online\/index.php\/wp-json\/wp\/v2\/product\/2157","targetHints":{"allow":["GET"]}}],"collection":[{"href":"https:\/\/smartket.online\/index.php\/wp-json\/wp\/v2\/product"}],"about":[{"href":"https:\/\/smartket.online\/index.php\/wp-json\/wp\/v2\/types\/product"}],"replies":[{"embeddable":true,"href":"https:\/\/smartket.online\/index.php\/wp-json\/wp\/v2\/comments?post=2157"}],"wp:featuredmedia":[{"embeddable":true,"href":"https:\/\/smartket.online\/index.php\/wp-json\/wp\/v2\/media\/2158"}],"wp:attachment":[{"href":"https:\/\/smartket.online\/index.php\/wp-json\/wp\/v2\/media?parent=2157"}],"wp:term":[{"taxonomy":"product_brand","embeddable":true,"href":"https:\/\/smartket.online\/index.php\/wp-json\/wp\/v2\/product_brand?post=2157"},{"taxonomy":"product_cat","embeddable":true,"href":"https:\/\/smartket.online\/index.php\/wp-json\/wp\/v2\/product_cat?post=2157"},{"taxonomy":"product_tag","embeddable":true,"href":"https:\/\/smartket.online\/index.php\/wp-json\/wp\/v2\/product_tag?post=2157"}],"curies":[{"name":"wp","href":"https:\/\/api.w.org\/{rel}","templated":true}]}}