{"id":2174,"date":"2025-09-04T22:16:33","date_gmt":"2025-09-05T03:16:33","guid":{"rendered":"https:\/\/smartket.online\/?post_type=product&#038;p=2174"},"modified":"2025-12-04T22:47:34","modified_gmt":"2025-12-05T03:47:34","slug":"lavadora-electrolux-carga-superior-9-5kg-ewiw95f6bl-blanca","status":"publish","type":"product","link":"https:\/\/smartket.online\/index.php\/producto\/lavadora-electrolux-carga-superior-9-5kg-ewiw95f6bl-blanca\/","title":{"rendered":"Lavadora ELECTROLUX Carga Superior 9.5KG EWIW95F6BL Blanca"},"content":{"rendered":"<p>La Lavadora ELECTROLUX 9,5kg Premium Care te ofrece una mayor eficiencia en tus lavados. Con la tecnolog\u00eda Water Fuzzy ahorrar\u00e1s en cada ciclo de lavado, gracias a la medici\u00f3n autom\u00e1tica del nivel de agua cuando se selecciona el programa Normal\/Inteligente en el panel. Sus 5 opciones de niveles de agua te permiten una medici\u00f3n autom\u00e1tica que har\u00e1 que tus prendas queden bien lavadas, con un mejor consumo de agua. No lo pienses m\u00e1s \u00a1adquiere la tuya ahora!<\/p>\n","protected":false},"excerpt":{"rendered":"<p>La Lavadora ELECTROLUX 9,5kg Premium Care te ofrece una mayor eficiencia en tus lavados. Con la tecnolog\u00eda Water Fuzzy ahorrar\u00e1s en cada ciclo de lavado, gracias a la medici\u00f3n autom\u00e1tica del nivel de agua cuando se selecciona el programa Normal\/Inteligente en el panel. Sus 5 opciones de niveles de agua te permiten una medici\u00f3n autom\u00e1tica [&hellip;]<\/p>\n","protected":false},"featured_media":2175,"comment_status":"open","ping_status":"closed","template":"","meta":[],"product_brand":[68],"product_cat":[21],"product_tag":[],"class_list":{"0":"post-2174","1":"product","2":"type-product","3":"status-publish","4":"has-post-thumbnail","6":"product_brand-lg","7":"product_cat-lavadoras","9":"first","10":"instock","11":"shipping-taxable","12":"purchasable","13":"product-type-simple"},"aioseo_notices":[],"_links":{"self":[{"href":"https:\/\/smartket.online\/index.php\/wp-json\/wp\/v2\/product\/2174","targetHints":{"allow":["GET"]}}],"collection":[{"href":"https:\/\/smartket.online\/index.php\/wp-json\/wp\/v2\/product"}],"about":[{"href":"https:\/\/smartket.online\/index.php\/wp-json\/wp\/v2\/types\/product"}],"replies":[{"embeddable":true,"href":"https:\/\/smartket.online\/index.php\/wp-json\/wp\/v2\/comments?post=2174"}],"wp:featuredmedia":[{"embeddable":true,"href":"https:\/\/smartket.online\/index.php\/wp-json\/wp\/v2\/media\/2175"}],"wp:attachment":[{"href":"https:\/\/smartket.online\/index.php\/wp-json\/wp\/v2\/media?parent=2174"}],"wp:term":[{"taxonomy":"product_brand","embeddable":true,"href":"https:\/\/smartket.online\/index.php\/wp-json\/wp\/v2\/product_brand?post=2174"},{"taxonomy":"product_cat","embeddable":true,"href":"https:\/\/smartket.online\/index.php\/wp-json\/wp\/v2\/product_cat?post=2174"},{"taxonomy":"product_tag","embeddable":true,"href":"https:\/\/smartket.online\/index.php\/wp-json\/wp\/v2\/product_tag?post=2174"}],"curies":[{"name":"wp","href":"https:\/\/api.w.org\/{rel}","templated":true}]}}