{"id":2181,"date":"2025-09-04T22:20:17","date_gmt":"2025-09-05T03:20:17","guid":{"rendered":"https:\/\/smartket.online\/?post_type=product&#038;p=2181"},"modified":"2025-09-04T22:21:30","modified_gmt":"2025-09-05T03:21:30","slug":"lavadora-electrolux-manual-7kg-wwtb-7m6-blanco","status":"publish","type":"product","link":"https:\/\/smartket.online\/index.php\/producto\/lavadora-electrolux-manual-7kg-wwtb-7m6-blanco\/","title":{"rendered":"Lavadora ELECTROLUX Manual 7Kg WWTB-7M6 Blanco"},"content":{"rendered":"<p>Sabemos que es indispensable para ti aprovechar al m\u00e1ximo tu tiempo libre con los tuyos| y a pesar de no estar en el trabajo te toca ocuparte de los quehaceres, como lo es el lavado de tu ropa. Por eso te traemos la lavadora semiautom\u00e1tica Electrolux con doble tina de 7 kilogramos que con su f\u00e1cil manejo y efectivo funcionamiento, ahora podr\u00e1s darle la limpieza y cuidado adecuado a todas tus prendas sin desaprovechar tu espacio. Adqui\u00e9rela ya.<\/p>\n","protected":false},"excerpt":{"rendered":"<p>Sabemos que es indispensable para ti aprovechar al m\u00e1ximo tu tiempo libre con los tuyos| y a pesar de no estar en el trabajo te toca ocuparte de los quehaceres, como lo es el lavado de tu ropa. Por eso te traemos la lavadora semiautom\u00e1tica Electrolux con doble tina de 7 kilogramos que con su [&hellip;]<\/p>\n","protected":false},"featured_media":2182,"comment_status":"open","ping_status":"closed","template":"","meta":[],"product_brand":[68],"product_cat":[21],"product_tag":[],"class_list":{"0":"post-2181","1":"product","2":"type-product","3":"status-publish","4":"has-post-thumbnail","6":"product_brand-lg","7":"product_cat-lavadoras","9":"first","10":"onbackorder","11":"shipping-taxable","12":"purchasable","13":"product-type-simple"},"aioseo_notices":[],"_links":{"self":[{"href":"https:\/\/smartket.online\/index.php\/wp-json\/wp\/v2\/product\/2181","targetHints":{"allow":["GET"]}}],"collection":[{"href":"https:\/\/smartket.online\/index.php\/wp-json\/wp\/v2\/product"}],"about":[{"href":"https:\/\/smartket.online\/index.php\/wp-json\/wp\/v2\/types\/product"}],"replies":[{"embeddable":true,"href":"https:\/\/smartket.online\/index.php\/wp-json\/wp\/v2\/comments?post=2181"}],"wp:featuredmedia":[{"embeddable":true,"href":"https:\/\/smartket.online\/index.php\/wp-json\/wp\/v2\/media\/2182"}],"wp:attachment":[{"href":"https:\/\/smartket.online\/index.php\/wp-json\/wp\/v2\/media?parent=2181"}],"wp:term":[{"taxonomy":"product_brand","embeddable":true,"href":"https:\/\/smartket.online\/index.php\/wp-json\/wp\/v2\/product_brand?post=2181"},{"taxonomy":"product_cat","embeddable":true,"href":"https:\/\/smartket.online\/index.php\/wp-json\/wp\/v2\/product_cat?post=2181"},{"taxonomy":"product_tag","embeddable":true,"href":"https:\/\/smartket.online\/index.php\/wp-json\/wp\/v2\/product_tag?post=2181"}],"curies":[{"name":"wp","href":"https:\/\/api.w.org\/{rel}","templated":true}]}}