{"id":2184,"date":"2025-09-04T22:23:30","date_gmt":"2025-09-05T03:23:30","guid":{"rendered":"https:\/\/smartket.online\/?post_type=product&#038;p=2184"},"modified":"2025-09-04T22:25:28","modified_gmt":"2025-09-05T03:25:28","slug":"nevecon-side-by-side-electrolux-ersa-44v3hvg-no-frost-442l-inverter-gris","status":"publish","type":"product","link":"https:\/\/smartket.online\/index.php\/producto\/nevecon-side-by-side-electrolux-ersa-44v3hvg-no-frost-442l-inverter-gris\/","title":{"rendered":"Nevec\u00f3n Side by Side Electrolux ERSA-44V3HVG No Frost 442L Inverter Gris"},"content":{"rendered":"<div id=\"tabsDescripcion\" class=\"row\">\n<div class=\"tab-content\">\n<div id=\"descripcion\" class=\"tab-pane active\">\n<div class=\"productDescription\">\n<ul class=\"tiendasjumboqaio-metro-custom-pages-2-x-layoutListcontainer\">\n<li class=\"tab-details__keyFeatures--item\">El nevec\u00f3n Electrolux Side by Side ERSA44V3HVG con Tecnolog\u00eda AutoSense es ideal para tu cocina. Aporta practicidad y eficacia en tu d\u00eda a d\u00eda, adem\u00e1s de presentar un dise\u00f1o moderno y elegante.\n<p>&nbsp;<\/li>\n<\/ul>\n<\/div>\n<\/div>\n<\/div>\n<\/div>\n","protected":false},"excerpt":{"rendered":"<p>El nevec\u00f3n Electrolux Side by Side ERSA44V3HVG con Tecnolog\u00eda AutoSense es ideal para tu cocina. Aporta practicidad y eficacia en tu d\u00eda a d\u00eda, adem\u00e1s de presentar un dise\u00f1o moderno y elegante. &nbsp;<\/p>\n","protected":false},"featured_media":2185,"comment_status":"open","ping_status":"closed","template":"","meta":[],"product_brand":[],"product_cat":[20],"product_tag":[],"class_list":{"0":"post-2184","1":"product","2":"type-product","3":"status-publish","4":"has-post-thumbnail","6":"product_cat-neveras","8":"first","9":"onbackorder","10":"shipping-taxable","11":"purchasable","12":"product-type-simple"},"aioseo_notices":[],"_links":{"self":[{"href":"https:\/\/smartket.online\/index.php\/wp-json\/wp\/v2\/product\/2184","targetHints":{"allow":["GET"]}}],"collection":[{"href":"https:\/\/smartket.online\/index.php\/wp-json\/wp\/v2\/product"}],"about":[{"href":"https:\/\/smartket.online\/index.php\/wp-json\/wp\/v2\/types\/product"}],"replies":[{"embeddable":true,"href":"https:\/\/smartket.online\/index.php\/wp-json\/wp\/v2\/comments?post=2184"}],"wp:featuredmedia":[{"embeddable":true,"href":"https:\/\/smartket.online\/index.php\/wp-json\/wp\/v2\/media\/2185"}],"wp:attachment":[{"href":"https:\/\/smartket.online\/index.php\/wp-json\/wp\/v2\/media?parent=2184"}],"wp:term":[{"taxonomy":"product_brand","embeddable":true,"href":"https:\/\/smartket.online\/index.php\/wp-json\/wp\/v2\/product_brand?post=2184"},{"taxonomy":"product_cat","embeddable":true,"href":"https:\/\/smartket.online\/index.php\/wp-json\/wp\/v2\/product_cat?post=2184"},{"taxonomy":"product_tag","embeddable":true,"href":"https:\/\/smartket.online\/index.php\/wp-json\/wp\/v2\/product_tag?post=2184"}],"curies":[{"name":"wp","href":"https:\/\/api.w.org\/{rel}","templated":true}]}}