{"id":2194,"date":"2025-09-04T22:29:16","date_gmt":"2025-09-05T03:29:16","guid":{"rendered":"https:\/\/smartket.online\/?post_type=product&#038;p=2194"},"modified":"2025-09-04T22:30:43","modified_gmt":"2025-09-05T03:30:43","slug":"minibar-electrolux-frost-47-lts-erd50w3hu-gris","status":"publish","type":"product","link":"https:\/\/smartket.online\/index.php\/producto\/minibar-electrolux-frost-47-lts-erd50w3hu-gris\/","title":{"rendered":"Minibar ELECTROLUX Frost 47 Lts ERD50W3HU Gris"},"content":{"rendered":"<div id=\"tabsDescripcion\" class=\"row\">\n<div class=\"tab-content\">\n<div id=\"descripcion\" class=\"tab-pane active\">\n<div class=\"productDescription\">\n<ul class=\"tiendasjumboqaio-metro-custom-pages-2-x-layoutListcontainer\">\n<li class=\"tab-details__keyFeatures--item\">La mejor opci\u00f3n para espacios peque\u00f1os es el Minibar de ELECTROLUX ERD50W3HUS color gris.| Con capacidad de 48 litros brutos y un dise\u00f1o moderno en su exterior e interior con puerta reversible y gavetas ajustables para una mejor distribuci\u00f3n del espacio. Eco-Friendly y bajo nivel de ruido para mayor comodidad donde lo utilices. Ideal para salas de estar o para la oficina, \u00a1lleva el tuyo ahora!<\/li>\n<\/ul>\n<\/div>\n<\/div>\n<\/div>\n<\/div>\n","protected":false},"excerpt":{"rendered":"<p>La mejor opci\u00f3n para espacios peque\u00f1os es el Minibar de ELECTROLUX ERD50W3HUS color gris.| Con capacidad de 48 litros brutos y un dise\u00f1o moderno en su exterior e interior con puerta reversible y gavetas ajustables para una mejor distribuci\u00f3n del espacio. Eco-Friendly y bajo nivel de ruido para mayor comodidad donde lo utilices. Ideal para [&hellip;]<\/p>\n","protected":false},"featured_media":2195,"comment_status":"open","ping_status":"closed","template":"","meta":[],"product_brand":[],"product_cat":[20],"product_tag":[],"class_list":{"0":"post-2194","1":"product","2":"type-product","3":"status-publish","4":"has-post-thumbnail","6":"product_cat-neveras","8":"first","9":"onbackorder","10":"shipping-taxable","11":"purchasable","12":"product-type-simple"},"aioseo_notices":[],"_links":{"self":[{"href":"https:\/\/smartket.online\/index.php\/wp-json\/wp\/v2\/product\/2194","targetHints":{"allow":["GET"]}}],"collection":[{"href":"https:\/\/smartket.online\/index.php\/wp-json\/wp\/v2\/product"}],"about":[{"href":"https:\/\/smartket.online\/index.php\/wp-json\/wp\/v2\/types\/product"}],"replies":[{"embeddable":true,"href":"https:\/\/smartket.online\/index.php\/wp-json\/wp\/v2\/comments?post=2194"}],"wp:featuredmedia":[{"embeddable":true,"href":"https:\/\/smartket.online\/index.php\/wp-json\/wp\/v2\/media\/2195"}],"wp:attachment":[{"href":"https:\/\/smartket.online\/index.php\/wp-json\/wp\/v2\/media?parent=2194"}],"wp:term":[{"taxonomy":"product_brand","embeddable":true,"href":"https:\/\/smartket.online\/index.php\/wp-json\/wp\/v2\/product_brand?post=2194"},{"taxonomy":"product_cat","embeddable":true,"href":"https:\/\/smartket.online\/index.php\/wp-json\/wp\/v2\/product_cat?post=2194"},{"taxonomy":"product_tag","embeddable":true,"href":"https:\/\/smartket.online\/index.php\/wp-json\/wp\/v2\/product_tag?post=2194"}],"curies":[{"name":"wp","href":"https:\/\/api.w.org\/{rel}","templated":true}]}}