{"id":2248,"date":"2025-11-14T00:50:22","date_gmt":"2025-11-14T05:50:22","guid":{"rendered":"https:\/\/smartket.online\/?post_type=product&#038;p=2248"},"modified":"2025-12-09T00:01:00","modified_gmt":"2025-12-09T05:01:00","slug":"lavadora-samsung-digital-15kg-gris","status":"publish","type":"product","link":"https:\/\/smartket.online\/index.php\/producto\/lavadora-samsung-digital-15kg-gris\/","title":{"rendered":"LAVADORA SAMSUNG DIGITAL 15KG GRIS"},"content":{"rendered":"<ul class=\"electrojaponesa-render-html-specifications-0-x-renderHtmlSpecifications__ul\">\n<li class=\"electrojaponesa-render-html-specifications-0-x-renderHtmlSpecifications__li\">Lavadora Carga Superior 15 Kg<\/li>\n<li class=\"electrojaponesa-render-html-specifications-0-x-renderHtmlSpecifications__li\">Agitador PP Dual Storm<\/li>\n<li class=\"electrojaponesa-render-html-specifications-0-x-renderHtmlSpecifications__li\">Tambor de diamante, segunda generaci\u00f3n<\/li>\n<li class=\"electrojaponesa-render-html-specifications-0-x-renderHtmlSpecifications__li\">Pantalla del panel: LED<\/li>\n<li class=\"electrojaponesa-render-html-specifications-0-x-renderHtmlSpecifications__li\">Niveles de Agua: 10 niveles<\/li>\n<li class=\"electrojaponesa-render-html-specifications-0-x-renderHtmlSpecifications__li\">Seguro para ni\u00f1os<\/li>\n<li class=\"electrojaponesa-render-html-specifications-0-x-renderHtmlSpecifications__li\">BubbleStorm<\/li>\n<li class=\"electrojaponesa-render-html-specifications-0-x-renderHtmlSpecifications__li\">Eco Bubble &#8211; Ahorra agua y energ\u00eda con burbujas de jab\u00f3n<\/li>\n<li class=\"electrojaponesa-render-html-specifications-0-x-renderHtmlSpecifications__li\">Digital Inverter- Ahorro de energ\u00eda<\/li>\n<\/ul>\n","protected":false},"excerpt":{"rendered":"<p>Lavadora Carga Superior 15 Kg Agitador PP Dual Storm Tambor de diamante, segunda generaci\u00f3n Pantalla del panel: LED Niveles de Agua: 10 niveles Seguro para ni\u00f1os BubbleStorm Eco Bubble &#8211; Ahorra agua y energ\u00eda con burbujas de jab\u00f3n Digital Inverter- Ahorro de energ\u00eda<\/p>\n","protected":false},"featured_media":2249,"comment_status":"open","ping_status":"closed","template":"","meta":[],"product_brand":[68],"product_cat":[21],"product_tag":[],"class_list":{"0":"post-2248","1":"product","2":"type-product","3":"status-publish","4":"has-post-thumbnail","6":"product_brand-lg","7":"product_cat-lavadoras","9":"first","10":"onbackorder","11":"shipping-taxable","12":"purchasable","13":"product-type-simple"},"aioseo_notices":[],"_links":{"self":[{"href":"https:\/\/smartket.online\/index.php\/wp-json\/wp\/v2\/product\/2248","targetHints":{"allow":["GET"]}}],"collection":[{"href":"https:\/\/smartket.online\/index.php\/wp-json\/wp\/v2\/product"}],"about":[{"href":"https:\/\/smartket.online\/index.php\/wp-json\/wp\/v2\/types\/product"}],"replies":[{"embeddable":true,"href":"https:\/\/smartket.online\/index.php\/wp-json\/wp\/v2\/comments?post=2248"}],"wp:featuredmedia":[{"embeddable":true,"href":"https:\/\/smartket.online\/index.php\/wp-json\/wp\/v2\/media\/2249"}],"wp:attachment":[{"href":"https:\/\/smartket.online\/index.php\/wp-json\/wp\/v2\/media?parent=2248"}],"wp:term":[{"taxonomy":"product_brand","embeddable":true,"href":"https:\/\/smartket.online\/index.php\/wp-json\/wp\/v2\/product_brand?post=2248"},{"taxonomy":"product_cat","embeddable":true,"href":"https:\/\/smartket.online\/index.php\/wp-json\/wp\/v2\/product_cat?post=2248"},{"taxonomy":"product_tag","embeddable":true,"href":"https:\/\/smartket.online\/index.php\/wp-json\/wp\/v2\/product_tag?post=2248"}],"curies":[{"name":"wp","href":"https:\/\/api.w.org\/{rel}","templated":true}]}}