{"id":2257,"date":"2025-11-30T17:18:49","date_gmt":"2025-11-30T22:18:49","guid":{"rendered":"https:\/\/smartket.online\/?post_type=product&#038;p=2257"},"modified":"2025-11-30T17:27:24","modified_gmt":"2025-11-30T22:27:24","slug":"motorola-moto-g05-2","status":"publish","type":"product","link":"https:\/\/smartket.online\/index.php\/producto\/motorola-moto-g05-2\/","title":{"rendered":"Motorola Moto G05"},"content":{"rendered":"<ul class=\"a-vertical a-spacing-none\">\n<li>\n<table class=\"jsx-513032616 specification-table \">\n<tbody class=\"jsx-513032616\">\n<tr class=\"jsx-513032616\">\n<td class=\"jsx-513032616 property-name\">Requiere Serial Number<\/td>\n<td class=\"jsx-513032616 property-value\">Si<\/td>\n<\/tr>\n<tr class=\"jsx-513032616\">\n<td class=\"jsx-513032616 property-name\">Tama\u00f1o de la pantalla<\/td>\n<td class=\"jsx-513032616 property-value\">6.67<\/td>\n<\/tr>\n<tr class=\"jsx-513032616\">\n<td class=\"jsx-513032616 property-name\">Capacidad de la bater\u00eda (en mAh)<\/td>\n<td class=\"jsx-513032616 property-value\">5200<\/td>\n<\/tr>\n<tr class=\"jsx-513032616\">\n<td class=\"jsx-513032616 property-name\">Capacidad de almacenamiento<\/td>\n<td class=\"jsx-513032616 property-value\">256 GB<\/td>\n<\/tr>\n<tr class=\"jsx-513032616\">\n<td class=\"jsx-513032616 property-name\">Dimensiones<\/td>\n<td class=\"jsx-513032616 property-value\">Alto 16567mm Ancho7598Grosor817mm<\/td>\n<\/tr>\n<tr class=\"jsx-513032616\">\n<td class=\"jsx-513032616 property-name\">Caracter\u00edsticas de la pantalla<\/td>\n<td class=\"jsx-513032616 property-value\">Amoled<\/td>\n<\/tr>\n<tr class=\"jsx-513032616\">\n<td class=\"jsx-513032616 property-name\">C\u00e1mara posterior<\/td>\n<td class=\"jsx-513032616 property-value\">50 MP<\/td>\n<\/tr>\n<tr class=\"jsx-513032616\">\n<td class=\"jsx-513032616 property-name\">Modelo<\/td>\n<td class=\"jsx-513032616 property-value\">MOTO G05 256<\/td>\n<\/tr>\n<tr class=\"jsx-513032616\">\n<td class=\"jsx-513032616 property-name\">C\u00e1mara frontal<\/td>\n<td class=\"jsx-513032616 property-value\">8 MP<\/td>\n<\/tr>\n<tr class=\"jsx-513032616\">\n<td class=\"jsx-513032616 property-name\">Pa\u00eds de origen<\/td>\n<td class=\"jsx-513032616 property-value\">China<\/td>\n<\/tr>\n<tr class=\"jsx-513032616\">\n<td class=\"jsx-513032616 property-name\">Garant\u00eda<\/td>\n<td class=\"jsx-513032616 property-value\">6 meses<\/td>\n<\/tr>\n<tr class=\"jsx-513032616\">\n<td class=\"jsx-513032616 property-name\">Conectividad\/conexi\u00f3n<\/td>\n<td class=\"jsx-513032616 property-value\">Bluetooth<\/td>\n<\/tr>\n<tr class=\"jsx-513032616\">\n<td class=\"jsx-513032616 property-name\">Resoluci\u00f3n de pantalla<\/td>\n<td class=\"jsx-513032616 property-value\">720 x 1600 (HD+)<\/td>\n<\/tr>\n<\/tbody>\n<\/table>\n<\/li>\n<\/ul>\n","protected":false},"excerpt":{"rendered":"<p>Requiere Serial Number Si Tama\u00f1o de la pantalla 6.67 Capacidad de la bater\u00eda (en mAh) 5200 Capacidad de almacenamiento 256 GB Dimensiones Alto 16567mm Ancho7598Grosor817mm Caracter\u00edsticas de la pantalla Amoled C\u00e1mara posterior 50 MP Modelo MOTO G05 256 C\u00e1mara frontal 8 MP Pa\u00eds de origen China Garant\u00eda 6 meses Conectividad\/conexi\u00f3n Bluetooth Resoluci\u00f3n de pantalla 720 [&hellip;]<\/p>\n","protected":false},"featured_media":2260,"comment_status":"open","ping_status":"closed","template":"","meta":[],"product_brand":[],"product_cat":[19],"product_tag":[],"class_list":{"0":"post-2257","1":"product","2":"type-product","3":"status-publish","4":"has-post-thumbnail","6":"product_cat-celulares","8":"first","9":"instock","10":"shipping-taxable","11":"purchasable","12":"product-type-variable"},"aioseo_notices":[],"_links":{"self":[{"href":"https:\/\/smartket.online\/index.php\/wp-json\/wp\/v2\/product\/2257","targetHints":{"allow":["GET"]}}],"collection":[{"href":"https:\/\/smartket.online\/index.php\/wp-json\/wp\/v2\/product"}],"about":[{"href":"https:\/\/smartket.online\/index.php\/wp-json\/wp\/v2\/types\/product"}],"replies":[{"embeddable":true,"href":"https:\/\/smartket.online\/index.php\/wp-json\/wp\/v2\/comments?post=2257"}],"wp:featuredmedia":[{"embeddable":true,"href":"https:\/\/smartket.online\/index.php\/wp-json\/wp\/v2\/media\/2260"}],"wp:attachment":[{"href":"https:\/\/smartket.online\/index.php\/wp-json\/wp\/v2\/media?parent=2257"}],"wp:term":[{"taxonomy":"product_brand","embeddable":true,"href":"https:\/\/smartket.online\/index.php\/wp-json\/wp\/v2\/product_brand?post=2257"},{"taxonomy":"product_cat","embeddable":true,"href":"https:\/\/smartket.online\/index.php\/wp-json\/wp\/v2\/product_cat?post=2257"},{"taxonomy":"product_tag","embeddable":true,"href":"https:\/\/smartket.online\/index.php\/wp-json\/wp\/v2\/product_tag?post=2257"}],"curies":[{"name":"wp","href":"https:\/\/api.w.org\/{rel}","templated":true}]}}