{"id":2295,"date":"2025-12-09T01:34:50","date_gmt":"2025-12-09T06:34:50","guid":{"rendered":"https:\/\/smartket.online\/?post_type=product&#038;p=2295"},"modified":"2025-12-09T01:40:23","modified_gmt":"2025-12-09T06:40:23","slug":"parlante-cabina-kalley","status":"publish","type":"product","link":"https:\/\/smartket.online\/index.php\/producto\/parlante-cabina-kalley\/","title":{"rendered":"Parlante cabina kalley bsk 8&#215;2"},"content":{"rendered":"<div class=\"wpb_column vc_column_container vc_col-sm-6 responsive_js_composer_custom_css_1572350934\">\n<div class=\"vc_column-inner vc_custom_1555666770914\">\n<div class=\"wpb_wrapper\">\n<div class=\"wpb_text_column wpb_content_element responsive_js_composer_custom_css_378650115\">\n<div class=\"wpb_wrapper\">\n<ul>\n<li>Potencia: 15 W RMS<br \/>\nBluetooth 4.2<br \/>\nPunto de agarre superior para facilitar su desplazamiento<br \/>\nLuz LED que cambia de colores (3 variaciones de color: rojo, verde y azul)<br \/>\nTama\u00f1o subwoofer: 8&#8243;x2<br \/>\nEntrada auxiliar 1 a 1<br \/>\nEntrada micr\u00f3fono para amplificaci\u00f3n de voces<br \/>\nRadio FM para que disfrutes tus emisoras favoritas<br \/>\nReproduce contenido desde una USB<\/li>\n<\/ul>\n<\/div>\n<\/div>\n<\/div>\n<\/div>\n<\/div>\n","protected":false},"excerpt":{"rendered":"<p>Potencia: 15 W RMS Bluetooth 4.2 Punto de agarre superior para facilitar su desplazamiento Luz LED que cambia de colores (3 variaciones de color: rojo, verde y azul) Tama\u00f1o subwoofer: 8&#8243;x2 Entrada auxiliar 1 a 1 Entrada micr\u00f3fono para amplificaci\u00f3n de voces Radio FM para que disfrutes tus emisoras favoritas Reproduce contenido desde una USB<\/p>\n","protected":false},"featured_media":2296,"comment_status":"open","ping_status":"closed","template":"","meta":[],"product_brand":[],"product_cat":[18],"product_tag":[],"class_list":{"0":"post-2295","1":"product","2":"type-product","3":"status-publish","4":"has-post-thumbnail","6":"product_cat-televisores","8":"first","9":"instock","10":"shipping-taxable","11":"purchasable","12":"product-type-simple"},"aioseo_notices":[],"_links":{"self":[{"href":"https:\/\/smartket.online\/index.php\/wp-json\/wp\/v2\/product\/2295","targetHints":{"allow":["GET"]}}],"collection":[{"href":"https:\/\/smartket.online\/index.php\/wp-json\/wp\/v2\/product"}],"about":[{"href":"https:\/\/smartket.online\/index.php\/wp-json\/wp\/v2\/types\/product"}],"replies":[{"embeddable":true,"href":"https:\/\/smartket.online\/index.php\/wp-json\/wp\/v2\/comments?post=2295"}],"wp:featuredmedia":[{"embeddable":true,"href":"https:\/\/smartket.online\/index.php\/wp-json\/wp\/v2\/media\/2296"}],"wp:attachment":[{"href":"https:\/\/smartket.online\/index.php\/wp-json\/wp\/v2\/media?parent=2295"}],"wp:term":[{"taxonomy":"product_brand","embeddable":true,"href":"https:\/\/smartket.online\/index.php\/wp-json\/wp\/v2\/product_brand?post=2295"},{"taxonomy":"product_cat","embeddable":true,"href":"https:\/\/smartket.online\/index.php\/wp-json\/wp\/v2\/product_cat?post=2295"},{"taxonomy":"product_tag","embeddable":true,"href":"https:\/\/smartket.online\/index.php\/wp-json\/wp\/v2\/product_tag?post=2295"}],"curies":[{"name":"wp","href":"https:\/\/api.w.org\/{rel}","templated":true}]}}