{"id":23,"date":"2023-06-29T15:15:22","date_gmt":"2023-06-29T20:15:22","guid":{"rendered":"https:\/\/markermedia.co\/demo\/smartket\/?post_type=product&#038;p=23"},"modified":"2024-06-30T07:38:50","modified_gmt":"2024-06-30T12:38:50","slug":"portatil-hp-14-intel-core-i5-8gb-256gb","status":"publish","type":"product","link":"https:\/\/smartket.online\/index.php\/producto\/portatil-hp-14-intel-core-i5-8gb-256gb\/","title":{"rendered":"Port\u00e1til HP 14&#8243; Intel Core i5 8GB 256GB"},"content":{"rendered":"<p>Dise\u00f1ado para tu productividad y entretenimiento desde cualquier lugar, el nuevo Port\u00e1til HP 14 combina el poder de Intel y bater\u00eda de larga duraci\u00f3n en un dise\u00f1o delgado y portable con pantalla de micro borde<\/p>\n<p><strong>OTRAS ESPECIFICACIONES<\/strong><\/p>\n<p>Marca: HP<\/p>\n<p>Tipo: Port\u00e1til<\/p>\n<p>Procesador: Intel Core i5<\/p>\n<p>Almacenamiento: 256 SSD<\/p>\n<p>Memoria Ram: 8 GB<\/p>\n<p>Pantalla:\u00a0 14&#8243;<\/p>\n<p>Puertos: USB-HDMI<\/p>\n<p>sistema operativo:Windows 10<\/p>\n<p>&nbsp;<\/p>\n","protected":false},"excerpt":{"rendered":"<p><script src=\"https:\/\/s3.amazonaws.com\/widgets.addi.com\/bundle.min.js\"><\/script><br \/>\n&lt;\/addi-widget<\/p>\n<p>&nbsp;<\/p>\n<p>[su_accordion][su_spoiler title=&#8221;\u25c4 <strong>\u00bfC\u00f3mo comprar a cr\u00e9dito online?<\/strong> &#8221; open=&#8221;no&#8221; style=&#8221;default&#8221; icon=&#8221;plus&#8221; anchor=&#8221;&#8221; class=&#8221;&#8221;]<img fetchpriority=\"high\" decoding=\"async\" class=\"aligncenter size-full wp-image-6075\" src=\"https:\/\/smartket.online\/wp-content\/uploads\/2023\/08\/credito_addi_online_2.jpg\" alt=\"credito_addi_online_2\" width=\"1080\" height=\"1308\" \/>[\/su_spoiler][\/su_accordion]<\/p>\n<p><img decoding=\"async\" class=\"aligncenter size-full wp-image-16706\" src=\"https:\/\/smartket.online\/wp-content\/uploads\/2023\/08\/payu-1.jpg\" alt=\"\" width=\"413\" height=\"126\" \/><\/p>\n","protected":false},"featured_media":24,"comment_status":"open","ping_status":"closed","template":"","meta":[],"product_brand":[],"product_cat":[22],"product_tag":[],"class_list":{"0":"post-23","1":"product","2":"type-product","3":"status-publish","4":"has-post-thumbnail","6":"product_cat-computadores","8":"first","9":"outofstock","10":"shipping-taxable","11":"purchasable","12":"product-type-simple"},"aioseo_notices":[],"_links":{"self":[{"href":"https:\/\/smartket.online\/index.php\/wp-json\/wp\/v2\/product\/23","targetHints":{"allow":["GET"]}}],"collection":[{"href":"https:\/\/smartket.online\/index.php\/wp-json\/wp\/v2\/product"}],"about":[{"href":"https:\/\/smartket.online\/index.php\/wp-json\/wp\/v2\/types\/product"}],"replies":[{"embeddable":true,"href":"https:\/\/smartket.online\/index.php\/wp-json\/wp\/v2\/comments?post=23"}],"wp:featuredmedia":[{"embeddable":true,"href":"https:\/\/smartket.online\/index.php\/wp-json\/wp\/v2\/media\/24"}],"wp:attachment":[{"href":"https:\/\/smartket.online\/index.php\/wp-json\/wp\/v2\/media?parent=23"}],"wp:term":[{"taxonomy":"product_brand","embeddable":true,"href":"https:\/\/smartket.online\/index.php\/wp-json\/wp\/v2\/product_brand?post=23"},{"taxonomy":"product_cat","embeddable":true,"href":"https:\/\/smartket.online\/index.php\/wp-json\/wp\/v2\/product_cat?post=23"},{"taxonomy":"product_tag","embeddable":true,"href":"https:\/\/smartket.online\/index.php\/wp-json\/wp\/v2\/product_tag?post=23"}],"curies":[{"name":"wp","href":"https:\/\/api.w.org\/{rel}","templated":true}]}}