{"id":2344,"date":"2026-02-12T07:56:56","date_gmt":"2026-02-12T12:56:56","guid":{"rendered":"https:\/\/smartket.online\/?post_type=product&#038;p=2344"},"modified":"2026-02-12T07:59:50","modified_gmt":"2026-02-12T12:59:50","slug":"challenger-carga-superior-15-kilos","status":"publish","type":"product","link":"https:\/\/smartket.online\/index.php\/producto\/challenger-carga-superior-15-kilos\/","title":{"rendered":"CHALLENGER Carga Superior 15 Kilos"},"content":{"rendered":"<div class=\"new-container__about__container\">\n<ul class=\"tab-details__keyFeatures--list\">\n<li class=\"tab-details__keyFeatures--item\">Limpieza 360\u00b0 &#8211; Bajo desgaste y mejor cuidado para la ropa<\/li>\n<li class=\"tab-details__keyFeatures--item\">Guarda en memoria el \u00faltimo estado al corte de energ\u00eda<\/li>\n<li class=\"tab-details__keyFeatures--item\">Filtro que evita el retorno de fibras y mantiene limpio el lavado<\/li>\n<li class=\"tab-details__keyFeatures--item\">Programaci\u00f3n de tiempo de inicio de lavado<\/li>\n<li class=\"tab-details__keyFeatures--item\">Funci\u00f3n limpieza de tina: Mayor higiene<\/li>\n<\/ul>\n<\/div>\n<div class=\"new-container__about__container\">\n<div class=\"new-container__titles\">\n<h2 class=\"js-subtitle-pdp new-container__titles\">Resumen del producto<\/h2>\n<\/div>\n<div class=\"tab-details__description\">Lavadora CHALLENGER de carga superior y capacidad de 15 KG, con sistema de lavado inteligente One Touch, sistema de balanceo doble y sistema antienredos (para mejor limpieza y menos bobinado). Cuenta con puerta de vidrio de cierre suave, cubierta inferior antiroedores, apagado autom\u00e1tico, programas alineados por procesador digital, filtro m\u00e1gico y apagado autom\u00e1tico al terminar el ciclo de lavado. Busca ya mismo la tuya!<\/div>\n<\/div>\n","protected":false},"excerpt":{"rendered":"<p>Limpieza 360\u00b0 &#8211; Bajo desgaste y mejor cuidado para la ropa Guarda en memoria el \u00faltimo estado al corte de energ\u00eda Filtro que evita el retorno de fibras y mantiene limpio el lavado Programaci\u00f3n de tiempo de inicio de lavado Funci\u00f3n limpieza de tina: Mayor higiene Resumen del producto Lavadora CHALLENGER de carga superior y [&hellip;]<\/p>\n","protected":false},"featured_media":2345,"comment_status":"open","ping_status":"closed","template":"","meta":[],"product_brand":[],"product_cat":[21],"product_tag":[],"class_list":{"0":"post-2344","1":"product","2":"type-product","3":"status-publish","4":"has-post-thumbnail","6":"product_cat-lavadoras","8":"first","9":"onbackorder","10":"featured","11":"shipping-taxable","12":"purchasable","13":"product-type-simple"},"aioseo_notices":[],"_links":{"self":[{"href":"https:\/\/smartket.online\/index.php\/wp-json\/wp\/v2\/product\/2344","targetHints":{"allow":["GET"]}}],"collection":[{"href":"https:\/\/smartket.online\/index.php\/wp-json\/wp\/v2\/product"}],"about":[{"href":"https:\/\/smartket.online\/index.php\/wp-json\/wp\/v2\/types\/product"}],"replies":[{"embeddable":true,"href":"https:\/\/smartket.online\/index.php\/wp-json\/wp\/v2\/comments?post=2344"}],"wp:featuredmedia":[{"embeddable":true,"href":"https:\/\/smartket.online\/index.php\/wp-json\/wp\/v2\/media\/2345"}],"wp:attachment":[{"href":"https:\/\/smartket.online\/index.php\/wp-json\/wp\/v2\/media?parent=2344"}],"wp:term":[{"taxonomy":"product_brand","embeddable":true,"href":"https:\/\/smartket.online\/index.php\/wp-json\/wp\/v2\/product_brand?post=2344"},{"taxonomy":"product_cat","embeddable":true,"href":"https:\/\/smartket.online\/index.php\/wp-json\/wp\/v2\/product_cat?post=2344"},{"taxonomy":"product_tag","embeddable":true,"href":"https:\/\/smartket.online\/index.php\/wp-json\/wp\/v2\/product_tag?post=2344"}],"curies":[{"name":"wp","href":"https:\/\/api.w.org\/{rel}","templated":true}]}}