{"id":2353,"date":"2026-02-12T08:09:17","date_gmt":"2026-02-12T13:09:17","guid":{"rendered":"https:\/\/smartket.online\/?post_type=product&#038;p=2353"},"modified":"2026-02-12T08:14:53","modified_gmt":"2026-02-12T13:14:53","slug":"xiaomi-redmi-note15","status":"publish","type":"product","link":"https:\/\/smartket.online\/index.php\/producto\/xiaomi-redmi-note15\/","title":{"rendered":"Xiaomi Redmi Note15"},"content":{"rendered":"<div class=\"vtex-store-components-3-x-content h-auto\">\n<h4>El\u00a0<span data-processed=\"true\"><a class=\"H23r4e\" href=\"https:\/\/gsmphone.co\/producto\/redmi-note-15-4g-128gb-6gb\/\" target=\"_blank\" rel=\"noopener\" data-processed=\"true\">Xiaomi Redmi Note 15 4G 128GB<\/a><\/span> destaca como una opci\u00f3n de gama media con una gran bater\u00eda de 6000mAh, pantalla AMOLED de 6.77&#8243; o 6.9&#8243; a 120Hz y carga r\u00e1pida de 33W. Equipado con el procesador MediaTek Helio G100, 6GB de RAM y 128GB de almacenamiento, ofrece una experiencia equilibrada contando con su otra referencia de 256GB y 8Gb de memoria RAM<\/h4>\n<\/div>\n","protected":false},"excerpt":{"rendered":"<p><script src=\"https:\/\/s3.amazonaws.com\/widgets.addi.com\/bundle.min.js\"><\/script><\/p>\n","protected":false},"featured_media":2356,"comment_status":"open","ping_status":"closed","template":"","meta":[],"product_brand":[],"product_cat":[19],"product_tag":[],"class_list":{"0":"post-2353","1":"product","2":"type-product","3":"status-publish","4":"has-post-thumbnail","6":"product_cat-celulares","8":"first","9":"instock","10":"shipping-taxable","11":"purchasable","12":"product-type-variable"},"aioseo_notices":[],"_links":{"self":[{"href":"https:\/\/smartket.online\/index.php\/wp-json\/wp\/v2\/product\/2353","targetHints":{"allow":["GET"]}}],"collection":[{"href":"https:\/\/smartket.online\/index.php\/wp-json\/wp\/v2\/product"}],"about":[{"href":"https:\/\/smartket.online\/index.php\/wp-json\/wp\/v2\/types\/product"}],"replies":[{"embeddable":true,"href":"https:\/\/smartket.online\/index.php\/wp-json\/wp\/v2\/comments?post=2353"}],"wp:featuredmedia":[{"embeddable":true,"href":"https:\/\/smartket.online\/index.php\/wp-json\/wp\/v2\/media\/2356"}],"wp:attachment":[{"href":"https:\/\/smartket.online\/index.php\/wp-json\/wp\/v2\/media?parent=2353"}],"wp:term":[{"taxonomy":"product_brand","embeddable":true,"href":"https:\/\/smartket.online\/index.php\/wp-json\/wp\/v2\/product_brand?post=2353"},{"taxonomy":"product_cat","embeddable":true,"href":"https:\/\/smartket.online\/index.php\/wp-json\/wp\/v2\/product_cat?post=2353"},{"taxonomy":"product_tag","embeddable":true,"href":"https:\/\/smartket.online\/index.php\/wp-json\/wp\/v2\/product_tag?post=2353"}],"curies":[{"name":"wp","href":"https:\/\/api.w.org\/{rel}","templated":true}]}}