{"id":2461,"date":"2026-03-10T22:57:01","date_gmt":"2026-03-11T03:57:01","guid":{"rendered":"https:\/\/smartket.online\/?post_type=product&#038;p=2461"},"modified":"2026-03-10T23:05:19","modified_gmt":"2026-03-11T04:05:19","slug":"infinix-note-gt30","status":"publish","type":"product","link":"https:\/\/smartket.online\/index.php\/producto\/infinix-note-gt30\/","title":{"rendered":"Infinix Note GT30"},"content":{"rendered":"<p>Infinix GT 30 no es solo un smartphone, es un aliado creado para romper l\u00edmites. Con el poder del procesador Dimensity 7400, sentir\u00e1s la velocidad y la fluidez que todo gamer y creador busca. Su pantalla fluida y con una super resoluci\u00f3n de 1.5K transforma cada imagen en una experiencia inmersiva, n\u00edtida y vibrante. Aventaja a tus adversarios en cada partida con los triggers integrados. Su bater\u00eda te acompa\u00f1a sin pausas, lista para largas batallas y jornadas intensas de uso. Por eso, est\u00e1 dise\u00f1ado para los que viven en intensidad y juegan al m\u00e1ximo. \u00a1Adquiere el tuyo ahora!<\/p>\n<div class=\"new-container__table__classifications___type__wrap\">\n<h3 class=\"new-container__table__classifications___type__title\">Almacenamiento y Procesamiento<\/h3>\n<div class=\"new-container__table__classifications___type \">\n<div class=\"new-container__table__classifications___type__item\">\n<div class=\"new-container__table__classifications___type__item_feature\">Memoria Interna<\/div>\n<div class=\"new-container__table__classifications___type__item_result\">256 GB<\/div>\n<\/div>\n<div class=\"new-container__table__classifications___type__item\">\n<div class=\"new-container__table__classifications___type__item_feature\">Memoria RAM<\/div>\n<div class=\"new-container__table__classifications___type__item_result\">8 GB<\/div>\n<\/div>\n<div class=\"new-container__table__classifications___type__item\">\n<div class=\"new-container__table__classifications___type__item_feature\">Marca del Procesador<\/div>\n<div class=\"new-container__table__classifications___type__item_result\">Mediatek<\/div>\n<\/div>\n<div class=\"new-container__table__classifications___type__item\">\n<div class=\"new-container__table__classifications___type__item_feature\">N\u00famero de N\u00facleos (m\u00e1s n\u00facleos m\u00e1s multitareas)<\/div>\n<div class=\"new-container__table__classifications___type__item_result\">8\u00a0 Nucleos<\/div>\n<\/div>\n<div class=\"new-container__table__classifications___type__item\">\n<div class=\"new-container__table__classifications___type__item_feature\">Velocidad del Procesador<\/div>\n<div class=\"new-container__table__classifications___type__item_result\">(4 x 2,6 GHz \/ 4 x 2,0 GHz)<\/div>\n<\/div>\n<div class=\"new-container__table__classifications___type__item\">\n<div class=\"new-container__table__classifications___type__item_feature\">Sistema Operativo<\/div>\n<div class=\"new-container__table__classifications___type__item_result\">Android<\/div>\n<\/div>\n<div class=\"new-container__table__classifications___type__item\">\n<div class=\"new-container__table__classifications___type__item_feature\">Version Sistema Operativo<\/div>\n<div class=\"new-container__table__classifications___type__item_result\">15<\/div>\n<\/div>\n<div class=\"new-container__table__classifications___type__item new-container__table__classifications___type__item--void\">\n<div class=\"new-container__table__classifications___type__item_feature\"><\/div>\n<div class=\"new-container__table__classifications___type__item_result\"><\/div>\n<\/div>\n<\/div>\n<\/div>\n<div class=\"new-container__table__classifications___type__wrap\">\n<h3 class=\"new-container__table__classifications___type__title\">C\u00e1mara<\/h3>\n<div class=\"new-container__table__classifications___type \">\n<div class=\"new-container__table__classifications___type__item\">\n<div class=\"new-container__table__classifications___type__item_feature\">Tipo de Camara Frontal<\/div>\n<div class=\"new-container__table__classifications___type__item_result\">Sencilla<\/div>\n<\/div>\n<div class=\"new-container__table__classifications___type__item\">\n<div class=\"new-container__table__classifications___type__item_feature\">Resolucion Camara Frontal 1<\/div>\n<div class=\"new-container__table__classifications___type__item_result\">13\u00a0 Mpx<\/div>\n<\/div>\n<div class=\"new-container__table__classifications___type__item\">\n<div class=\"new-container__table__classifications___type__item_feature\">Tipo de Camara Posterior<\/div>\n<div class=\"new-container__table__classifications___type__item_result\">Dual<\/div>\n<\/div>\n<div class=\"new-container__table__classifications___type__item\">\n<div class=\"new-container__table__classifications___type__item_feature\">Resolucion Camara Posterior 1<\/div>\n<div class=\"new-container__table__classifications___type__item_result\">64\u00a0 Mpx<\/div>\n<\/div>\n<div class=\"new-container__table__classifications___type__item\">\n<div class=\"new-container__table__classifications___type__item_feature\">Resolucion Otras Camaras Posteriores<\/div>\n<div class=\"new-container__table__classifications___type__item_result\">8<\/div>\n<\/div>\n<div class=\"new-container__table__classifications___type__item\">\n<div class=\"new-container__table__classifications___type__item_feature\">Flash Frontal<\/div>\n<div class=\"new-container__table__classifications___type__item_result\">No Tiene Flash Frontal<\/div>\n<\/div>\n<div class=\"new-container__table__classifications___type__item\">\n<div class=\"new-container__table__classifications___type__item_feature\">Flash Posterior<\/div>\n<div class=\"new-container__table__classifications___type__item_result\">SI Tiene Flash Posterior<\/div>\n<\/div>\n<div class=\"new-container__table__classifications___type__item new-container__table__classifications___type__item--void\">\n<div class=\"new-container__table__classifications___type__item_feature\"><\/div>\n<div class=\"new-container__table__classifications___type__item_result\"><\/div>\n<\/div>\n<\/div>\n<\/div>\n<div class=\"new-container__table__classifications___type__wrap\">\n<h3 class=\"new-container__table__classifications___type__title\">Imagen y Pantalla<\/h3>\n<div class=\"new-container__table__classifications___type \">\n<div class=\"new-container__table__classifications___type__item\">\n<div class=\"new-container__table__classifications___type__item_feature\">Tama\u00f1o Pantalla<\/div>\n<div class=\"new-container__table__classifications___type__item_result\">6.78\u00a0 Pulgadas<\/div>\n<\/div>\n<div class=\"new-container__table__classifications___type__item\">\n<div class=\"new-container__table__classifications___type__item_feature\">Tipo de Pantalla<\/div>\n<div class=\"new-container__table__classifications___type__item_result\">Amoled<\/div>\n<\/div>\n<div class=\"new-container__table__classifications___type__item\">\n<div class=\"new-container__table__classifications___type__item_feature\">Resolucion Pantalla<\/div>\n<div class=\"new-container__table__classifications___type__item_result\">1.5k<\/div>\n<\/div>\n<div class=\"new-container__table__classifications___type__item new-container__table__classifications___type__item--void\">\n<div class=\"new-container__table__classifications___type__item_feature\"><\/div>\n<div class=\"new-container__table__classifications___type__item_result\"><\/div>\n<\/div>\n<\/div>\n<\/div>\n<div class=\"new-container__table__classifications___type__wrap\">\n<h3 class=\"new-container__table__classifications___type__title\">Caracter\u00edsticas T\u00e9cnicas<\/h3>\n<div class=\"new-container__table__classifications___type \">\n<div class=\"new-container__table__classifications___type__item\">\n<div class=\"new-container__table__classifications___type__item_feature\">Es Smartphone<\/div>\n<div class=\"new-container__table__classifications___type__item_result\">Si es Smartphone<\/div>\n<\/div>\n<div class=\"new-container__table__classifications___type__item\">\n<div class=\"new-container__table__classifications___type__item_feature\">Capacidad de la Bateria<\/div>\n<div class=\"new-container__table__classifications___type__item_result\">5200\u00a0 mAh<\/div>\n<\/div>\n<div class=\"new-container__table__classifications___type__item\">\n<div class=\"new-container__table__classifications___type__item_feature\">Resistencia al Agua<\/div>\n<div class=\"new-container__table__classifications___type__item_result\">Resistencia al Agua (\u00a0IP64 )<\/div>\n<\/div>\n<div class=\"new-container__table__classifications___type__item new-container__table__classifications___type__item--void\">\n<div class=\"new-container__table__classifications___type__item_feature\"><\/div>\n<div class=\"new-container__table__classifications___type__item_result\"><\/div>\n<\/div>\n<\/div>\n<\/div>\n<div class=\"new-container__table__classifications___type__wrap\">\n<h3 class=\"new-container__table__classifications___type__title\">Caracter\u00edsticas F\u00edsicas<\/h3>\n<div class=\"new-container__table__classifications___type \">\n<div class=\"new-container__table__classifications___type__item\">\n<div class=\"new-container__table__classifications___type__item_feature\">Tonalidad de Color<\/div>\n<div class=\"new-container__table__classifications___type__item_result\">Ceniza<\/div>\n<\/div>\n<div class=\"new-container__table__classifications___type__item\">\n<div class=\"new-container__table__classifications___type__item_feature\">Tipo de Lector de Huella<\/div>\n<div class=\"new-container__table__classifications___type__item_result\">En la Pantalla<\/div>\n<\/div>\n<div class=\"new-container__table__classifications___type__item\">\n<div class=\"new-container__table__classifications___type__item_feature\">Es Plegable<\/div>\n<div class=\"new-container__table__classifications___type__item_result\">No es plegable<\/div>\n<\/div>\n<div class=\"new-container__table__classifications___type__item new-container__table__classifications___type__item--void\">\n<div class=\"new-container__table__classifications___type__item_feature\"><\/div>\n<div class=\"new-container__table__classifications___type__item_result\"><\/div>\n<\/div>\n<\/div>\n<\/div>\n<div class=\"new-container__table__classifications___type__wrap\">\n<h3 class=\"new-container__table__classifications___type__title\">Conectividad<\/h3>\n<div class=\"new-container__table__classifications___type \">\n<div class=\"new-container__table__classifications___type__item\">\n<div class=\"new-container__table__classifications___type__item_feature\">Red de Transmision de Datos<\/div>\n<div class=\"new-container__table__classifications___type__item_result\">2G<br \/>\n3G<br \/>\n4G<br \/>\n5G<\/div>\n<\/div>\n<div class=\"new-container__table__classifications___type__item\">\n<div class=\"new-container__table__classifications___type__item_feature\">Espacios Para SIM Card<\/div>\n<div class=\"new-container__table__classifications___type__item_result\">Dual SIM<\/div>\n<\/div>\n<div class=\"new-container__table__classifications___type__item\">\n<div class=\"new-container__table__classifications___type__item_feature\">eSIM\/SIM Virtual<\/div>\n<div class=\"new-container__table__classifications___type__item_result\">No<\/div>\n<\/div>\n<div class=\"new-container__table__classifications___type__item\">\n<div class=\"new-container__table__classifications___type__item_feature\">Fuentes de Alimentacion de Energia<\/div>\n<div class=\"new-container__table__classifications___type__item_result\">Bater\u00eda Recargable Interna<\/div>\n<\/div>\n<div class=\"new-container__table__classifications___type__item\">\n<div class=\"new-container__table__classifications___type__item_feature\">Tipos de Puertos Entradas y Salidas<\/div>\n<div class=\"new-container__table__classifications___type__item_result\">Puerto USB Tipo C<\/div>\n<\/div>\n<div class=\"new-container__table__classifications___type__item\">\n<div class=\"new-container__table__classifications___type__item_feature\">Opciones de Conectividad<\/div>\n<div class=\"new-container__table__classifications___type__item_result\">Bluetooth<br \/>\nNFC<br \/>\nUSB<br \/>\nWiFi<\/div>\n<\/div>\n<div class=\"new-container__table__classifications___type__item\">\n<div class=\"new-container__table__classifications___type__item_feature\">Otras Tecnologias de Conectividad<\/div>\n<div class=\"new-container__table__classifications___type__item_result\">Ultra Enlace: Llamadas por Bluetooth<\/div>\n<\/div>\n<div class=\"new-container__table__classifications___type__item new-container__table__classifications___type__item--void\">\n<div class=\"new-container__table__classifications___type__item_feature\"><\/div>\n<div class=\"new-container__table__classifications___type__item_result\"><\/div>\n<\/div>\n<\/div>\n<\/div>\n<div class=\"new-container__table__classifications___type__wrap\">\n<h3 class=\"new-container__table__classifications___type__title\">Informaci\u00f3n Adicional Relevante<\/h3>\n<div class=\"new-container__table__classifications___type \">\n<div class=\"new-container__table__classifications___type__item\">\n<div class=\"new-container__table__classifications___type__item_feature\">Familia<\/div>\n<div class=\"new-container__table__classifications___type__item_result\">Infinix GT30<\/div>\n<\/div>\n<div class=\"new-container__table__classifications___type__item\">\n<div class=\"new-container__table__classifications___type__item_feature\">Caracteristicas Especiales<\/div>\n<div class=\"new-container__table__classifications___type__item_result\">Lector de Huella<br \/>\nPantalla T\u00e1ctil<br \/>\nReconocimiento Facial<br \/>\nTecnolog\u00eda NFC<br \/>\nTiene Carga R\u00e1pida<\/div>\n<\/div>\n<div class=\"new-container__table__classifications___type__item\">\n<div class=\"new-container__table__classifications___type__item_feature\">Tienda de Aplicaciones<\/div>\n<div class=\"new-container__table__classifications___type__item_result\">Play Store<\/div>\n<\/div>\n<div class=\"new-container__table__classifications___type__item\">\n<div class=\"new-container__table__classifications___type__item_feature\">Qu\u00e9 incluye el producto<\/div>\n<div class=\"new-container__table__classifications___type__item_result\">Estuche antichoque, cargador carga rapida, cable usb, pin sim<\/div>\n<\/div>\n<div class=\"new-container__table__classifications___type__item\">\n<div class=\"new-container__table__classifications___type__item_feature\">Qu\u00e9 No incluye el producto<\/div>\n<div class=\"new-container__table__classifications___type__item_result\">Wearables, Audifonos<\/div>\n<\/div>\n<div class=\"new-container__table__classifications___type__item\">\n<div class=\"new-container__table__classifications___type__item_feature\">Garant\u00eda<\/div>\n<div class=\"new-container__table__classifications___type__item_result\">12\u00a0 Meses<\/div>\n<\/div>\n<\/div>\n<\/div>\n","protected":false},"excerpt":{"rendered":"<p><script src=\"https:\/\/s3.amazonaws.com\/widgets.addi.com\/bundle.min.js\"><\/script><\/p>\n<p>&nbsp;<\/p>\n","protected":false},"featured_media":2464,"comment_status":"open","ping_status":"closed","template":"","meta":[],"product_brand":[],"product_cat":[19],"product_tag":[],"class_list":{"0":"post-2461","1":"product","2":"type-product","3":"status-publish","4":"has-post-thumbnail","6":"product_cat-celulares","8":"first","9":"instock","10":"shipping-taxable","11":"purchasable","12":"product-type-variable"},"aioseo_notices":[],"_links":{"self":[{"href":"https:\/\/smartket.online\/index.php\/wp-json\/wp\/v2\/product\/2461","targetHints":{"allow":["GET"]}}],"collection":[{"href":"https:\/\/smartket.online\/index.php\/wp-json\/wp\/v2\/product"}],"about":[{"href":"https:\/\/smartket.online\/index.php\/wp-json\/wp\/v2\/types\/product"}],"replies":[{"embeddable":true,"href":"https:\/\/smartket.online\/index.php\/wp-json\/wp\/v2\/comments?post=2461"}],"wp:featuredmedia":[{"embeddable":true,"href":"https:\/\/smartket.online\/index.php\/wp-json\/wp\/v2\/media\/2464"}],"wp:attachment":[{"href":"https:\/\/smartket.online\/index.php\/wp-json\/wp\/v2\/media?parent=2461"}],"wp:term":[{"taxonomy":"product_brand","embeddable":true,"href":"https:\/\/smartket.online\/index.php\/wp-json\/wp\/v2\/product_brand?post=2461"},{"taxonomy":"product_cat","embeddable":true,"href":"https:\/\/smartket.online\/index.php\/wp-json\/wp\/v2\/product_cat?post=2461"},{"taxonomy":"product_tag","embeddable":true,"href":"https:\/\/smartket.online\/index.php\/wp-json\/wp\/v2\/product_tag?post=2461"}],"curies":[{"name":"wp","href":"https:\/\/api.w.org\/{rel}","templated":true}]}}