{"id":2498,"date":"2026-03-24T08:25:39","date_gmt":"2026-03-24T13:25:39","guid":{"rendered":"https:\/\/smartket.online\/?post_type=product&#038;p=2498"},"modified":"2026-04-14T08:14:19","modified_gmt":"2026-04-14T13:14:19","slug":"parlante-cabina-trinity","status":"publish","type":"product","link":"https:\/\/smartket.online\/index.php\/producto\/parlante-cabina-trinity\/","title":{"rendered":"Parlante cabina trinity 8&#8243;"},"content":{"rendered":"<div class=\"wpb_column vc_column_container vc_col-sm-6 responsive_js_composer_custom_css_1572350934\">\n<div class=\"vc_column-inner vc_custom_1555666770914\">\n<div class=\"wpb_wrapper\">\n<div class=\"wpb_text_column wpb_content_element responsive_js_composer_custom_css_378650115\">\n<div class=\"wpb_wrapper\">\n<ul>\n<li>\n<div dir=\"auto\">Cabina Niatec Trinity<\/div>\n<div dir=\"auto\">Recargable<\/div>\n<div dir=\"auto\">50 w de potencia<\/div>\n<div dir=\"auto\">8 pulgadas<\/div>\n<div dir=\"auto\">Con micr\u00f3fono<\/div>\n<div dir=\"auto\">2 a\u00f1os de garant\u00eda<\/div>\n<\/li>\n<\/ul>\n<\/div>\n<\/div>\n<\/div>\n<\/div>\n<\/div>\n","protected":false},"excerpt":{"rendered":"<p>Cabina Niatec Trinity Recargable 50 w de potencia 8 pulgadas Con micr\u00f3fono 2 a\u00f1os de garant\u00eda<\/p>\n","protected":false},"featured_media":2513,"comment_status":"open","ping_status":"closed","template":"","meta":[],"product_brand":[],"product_cat":[18],"product_tag":[],"class_list":{"0":"post-2498","1":"product","2":"type-product","3":"status-publish","4":"has-post-thumbnail","6":"product_cat-televisores","8":"first","9":"instock","10":"shipping-taxable","11":"purchasable","12":"product-type-simple"},"aioseo_notices":[],"_links":{"self":[{"href":"https:\/\/smartket.online\/index.php\/wp-json\/wp\/v2\/product\/2498","targetHints":{"allow":["GET"]}}],"collection":[{"href":"https:\/\/smartket.online\/index.php\/wp-json\/wp\/v2\/product"}],"about":[{"href":"https:\/\/smartket.online\/index.php\/wp-json\/wp\/v2\/types\/product"}],"replies":[{"embeddable":true,"href":"https:\/\/smartket.online\/index.php\/wp-json\/wp\/v2\/comments?post=2498"}],"wp:featuredmedia":[{"embeddable":true,"href":"https:\/\/smartket.online\/index.php\/wp-json\/wp\/v2\/media\/2513"}],"wp:attachment":[{"href":"https:\/\/smartket.online\/index.php\/wp-json\/wp\/v2\/media?parent=2498"}],"wp:term":[{"taxonomy":"product_brand","embeddable":true,"href":"https:\/\/smartket.online\/index.php\/wp-json\/wp\/v2\/product_brand?post=2498"},{"taxonomy":"product_cat","embeddable":true,"href":"https:\/\/smartket.online\/index.php\/wp-json\/wp\/v2\/product_cat?post=2498"},{"taxonomy":"product_tag","embeddable":true,"href":"https:\/\/smartket.online\/index.php\/wp-json\/wp\/v2\/product_tag?post=2498"}],"curies":[{"name":"wp","href":"https:\/\/api.w.org\/{rel}","templated":true}]}}