{"id":2519,"date":"2026-04-20T06:53:34","date_gmt":"2026-04-20T11:53:34","guid":{"rendered":"https:\/\/smartket.online\/?post_type=product&#038;p=2519"},"modified":"2026-04-28T15:23:11","modified_gmt":"2026-04-28T20:23:11","slug":"cabina-niatec-8-x2-nt-pb26","status":"publish","type":"product","link":"https:\/\/smartket.online\/index.php\/producto\/cabina-niatec-8-x2-nt-pb26\/","title":{"rendered":"Cabina niatec 8 x2 nt pb26"},"content":{"rendered":"<div class=\"wpb_column vc_column_container vc_col-sm-6 responsive_js_composer_custom_css_1572350934\">\n<div class=\"vc_column-inner vc_custom_1555666770914\">\n<div class=\"wpb_wrapper\">\n<div class=\"wpb_text_column wpb_content_element responsive_js_composer_custom_css_378650115\">\n<div class=\"wpb_wrapper\">\n<ul>\n<li>\n<div dir=\"auto\">\n<ul>\n<li>Conectividad Bluetooth<\/li>\n<li>Reproductor MP3\/WMA<\/li>\n<li>Luces RGB \/ Pantalla LCD<\/li>\n<li>Lector USB \/ Lector Micro SD<\/li>\n<li>Radio FM \/ Entrada AUX<\/li>\n<li>1 Entrada de micr\u00f3fono<\/li>\n<li>Bater\u00eda Recargable 4400 mAh<\/li>\n<li>Funci\u00f3n Karaoke \/ Grabar Audio<\/li>\n<li>Funci\u00f3n TWS (conectar con otro parlante)<\/li>\n<li>Potencia: 20W (RMS)<\/li>\n<li>Woofer: 8 pulg x2<\/li>\n<li>Frecuencia 50Hz \u2013 60Khz<\/li>\n<li>Control Bajos\/Agudos\/Echo<\/li>\n<li>Materiales: Polipropileno-Aluminio-Titanio<\/li>\n<li>Dimensiones (Largo*Ancho*Alto) = 28*28*80cm<\/li>\n<li>Conector: Tipo 8 (Cable grabadora)<\/li>\n<li>Color: Negro<\/li>\n<\/ul>\n<\/div>\n<\/li>\n<\/ul>\n<\/div>\n<\/div>\n<\/div>\n<\/div>\n<\/div>\n","protected":false},"excerpt":{"rendered":"<p>Conectividad Bluetooth Reproductor MP3\/WMA Luces RGB \/ Pantalla LCD Lector USB \/ Lector Micro SD Radio FM \/ Entrada AUX 1 Entrada de micr\u00f3fono Bater\u00eda Recargable 4400 mAh Funci\u00f3n Karaoke \/ Grabar Audio Funci\u00f3n TWS (conectar con otro parlante) Potencia: 20W (RMS) Woofer: 8 pulg x2 Frecuencia 50Hz \u2013 60Khz Control Bajos\/Agudos\/Echo Materiales: Polipropileno-Aluminio-Titanio Dimensiones [&hellip;]<\/p>\n","protected":false},"featured_media":2520,"comment_status":"open","ping_status":"closed","template":"","meta":[],"product_brand":[],"product_cat":[18],"product_tag":[],"class_list":{"0":"post-2519","1":"product","2":"type-product","3":"status-publish","4":"has-post-thumbnail","6":"product_cat-televisores","8":"first","9":"outofstock","10":"shipping-taxable","11":"purchasable","12":"product-type-simple"},"aioseo_notices":[],"_links":{"self":[{"href":"https:\/\/smartket.online\/index.php\/wp-json\/wp\/v2\/product\/2519","targetHints":{"allow":["GET"]}}],"collection":[{"href":"https:\/\/smartket.online\/index.php\/wp-json\/wp\/v2\/product"}],"about":[{"href":"https:\/\/smartket.online\/index.php\/wp-json\/wp\/v2\/types\/product"}],"replies":[{"embeddable":true,"href":"https:\/\/smartket.online\/index.php\/wp-json\/wp\/v2\/comments?post=2519"}],"wp:featuredmedia":[{"embeddable":true,"href":"https:\/\/smartket.online\/index.php\/wp-json\/wp\/v2\/media\/2520"}],"wp:attachment":[{"href":"https:\/\/smartket.online\/index.php\/wp-json\/wp\/v2\/media?parent=2519"}],"wp:term":[{"taxonomy":"product_brand","embeddable":true,"href":"https:\/\/smartket.online\/index.php\/wp-json\/wp\/v2\/product_brand?post=2519"},{"taxonomy":"product_cat","embeddable":true,"href":"https:\/\/smartket.online\/index.php\/wp-json\/wp\/v2\/product_cat?post=2519"},{"taxonomy":"product_tag","embeddable":true,"href":"https:\/\/smartket.online\/index.php\/wp-json\/wp\/v2\/product_tag?post=2519"}],"curies":[{"name":"wp","href":"https:\/\/api.w.org\/{rel}","templated":true}]}}