{"id":281,"date":"2023-07-01T11:43:19","date_gmt":"2023-07-01T16:43:19","guid":{"rendered":"https:\/\/markermedia.co\/demo\/smartket\/?post_type=product&#038;p=281"},"modified":"2025-12-04T23:25:44","modified_gmt":"2025-12-05T04:25:44","slug":"smart-tv-challenger-led-32-lo68-bt-t2","status":"publish","type":"product","link":"https:\/\/smartket.online\/index.php\/producto\/smart-tv-challenger-led-32-lo68-bt-t2\/","title":{"rendered":"Smart TV Challenger Led 32 LO68 BT T2"},"content":{"rendered":"<p>Descripci\u00f3n Smart TV Challenger Led 32 LO68 BT T2<\/p>\n<p>TV CHALLENGER con pantalla de 32&#8243; podr\u00e1s recrear todo tipo de contenido con su imagen en resoluci\u00f3n HD con el tama\u00f1o ideal para que puedas ubicarlo en cualquier lugar. Adicional, cuenta con el sistema Android y aplicaciones pre-cargadas como Youtube, Netflix, Prime Video y navegadorp para que tengas a t\u00fa alcance todo lo que necesitas.<\/p>\n<p>Especificaciones\u00a0 Smart TV\u00a0 \u00a0 \u00a0 \u00a0 \u00a0Challenger Led 32 LO68 BT T2<\/p>\n<p>\u2022Pantalla HD para que no pierdas ning\u00fan detalle<\/p>\n<p>\u2022Sistema Android: interfaz de f\u00e1cil uso y conexi\u00f3n<\/p>\n<p>\u2022Control remoto con asistente de voz y cursor<\/p>\n<p>\u2022Comparte contenido desde cualquier dispositivo a tu TV<\/p>\n<p>\u2022Aprovecha 8 GB de almacenamiento y descarga m\u00faltiples APPS<\/p>\n<p>CARACTERISTICAS<\/p>\n<p>Pulgadas: 32&#8243;<\/p>\n<p>HDMI: 2<\/p>\n<p>Tipo de Pantalla: Plana<\/p>\n<p>Potencia de Audio: 12\u00a0 Watts<\/p>\n","protected":false},"excerpt":{"rendered":"<p>Descripci\u00f3n Smart TV Challenger Led 32 LO68 BT T2 TV CHALLENGER con pantalla de 32&#8243; podr\u00e1s recrear todo tipo de contenido con su imagen en resoluci\u00f3n HD con el tama\u00f1o ideal para que puedas ubicarlo en cualquier lugar. Adicional, cuenta con el sistema Android y aplicaciones pre-cargadas como Youtube, Netflix, Prime Video y navegadorp para [&hellip;]<\/p>\n","protected":false},"featured_media":1720,"comment_status":"open","ping_status":"closed","template":"","meta":[],"product_brand":[],"product_cat":[18],"product_tag":[],"class_list":{"0":"post-281","1":"product","2":"type-product","3":"status-publish","4":"has-post-thumbnail","6":"product_cat-televisores","8":"first","9":"outofstock","10":"featured","11":"shipping-taxable","12":"purchasable","13":"product-type-simple"},"aioseo_notices":[],"_links":{"self":[{"href":"https:\/\/smartket.online\/index.php\/wp-json\/wp\/v2\/product\/281","targetHints":{"allow":["GET"]}}],"collection":[{"href":"https:\/\/smartket.online\/index.php\/wp-json\/wp\/v2\/product"}],"about":[{"href":"https:\/\/smartket.online\/index.php\/wp-json\/wp\/v2\/types\/product"}],"replies":[{"embeddable":true,"href":"https:\/\/smartket.online\/index.php\/wp-json\/wp\/v2\/comments?post=281"}],"wp:featuredmedia":[{"embeddable":true,"href":"https:\/\/smartket.online\/index.php\/wp-json\/wp\/v2\/media\/1720"}],"wp:attachment":[{"href":"https:\/\/smartket.online\/index.php\/wp-json\/wp\/v2\/media?parent=281"}],"wp:term":[{"taxonomy":"product_brand","embeddable":true,"href":"https:\/\/smartket.online\/index.php\/wp-json\/wp\/v2\/product_brand?post=281"},{"taxonomy":"product_cat","embeddable":true,"href":"https:\/\/smartket.online\/index.php\/wp-json\/wp\/v2\/product_cat?post=281"},{"taxonomy":"product_tag","embeddable":true,"href":"https:\/\/smartket.online\/index.php\/wp-json\/wp\/v2\/product_tag?post=281"}],"curies":[{"name":"wp","href":"https:\/\/api.w.org\/{rel}","templated":true}]}}