{"id":54,"date":"2023-06-29T15:40:02","date_gmt":"2023-06-29T20:40:02","guid":{"rendered":"https:\/\/markermedia.co\/demo\/smartket\/?post_type=product&#038;p=54"},"modified":"2025-10-05T14:30:39","modified_gmt":"2025-10-05T19:30:39","slug":"nevera-challenger-cr266-no-frost-titanio","status":"publish","type":"product","link":"https:\/\/smartket.online\/index.php\/producto\/nevera-challenger-cr266-no-frost-titanio\/","title":{"rendered":"Nevera Challenger CR266 No Frost Titanio"},"content":{"rendered":"<p>Nevera No Frost de la nueva l\u00ednea de neveras Challenger l\u00famina, de 266 Litros Brutos de clase tropical de bajo ruido y de bajo consumo energ\u00e9tico, incorpora un sistema multiflujo el cual realiza una distribuci\u00f3n constante y uniforme de la temperatura para mantener los alimentos mas frescos<\/p>\n<table>\n<tbody>\n<tr>\n<td>\n<h3>100% Ecol\u00f3gica<\/h3>\n<p>Contiene refrigerante R600a que conlleva a una mayor eficiencia energ\u00e9tica y reduce el riesgo del impacto sobre el calentamiento global y el da\u00f1o a la capa de ozono. Adicional es Libre de CFC (Clorofluorocarburos)<\/td>\n<td><\/td>\n<\/tr>\n<tr>\n<td><\/td>\n<td>\n<h3>Sistema Multiflow<\/h3>\n<p>Sistema multiflujo el cual realiza una distribuci\u00f3n constante y uniforme de la temperatura para mantener los alimentos mas frescos.<\/td>\n<\/tr>\n<tr>\n<td>\n<h3>Nuevas bandejas vidrio templado de seguridad<\/h3>\n<p>Bandeja multiusos extra\u00edble, de f\u00e1cil acceso que permite almacenar diferentes alimentos, contiene nuevos anaqueles pocket modulares para mejorar la distribuci\u00f3n de alimentos en la puerta.<\/td>\n<td><\/td>\n<\/tr>\n<\/tbody>\n<\/table>\n<h3><\/h3>\n<h3>CARACTER\u00cdSTICAS ESPECIALES<\/h3>\n<table>\n<tbody>\n<tr>\n<td><strong>MARCA<\/strong><\/td>\n<td>CHALLENGER<\/td>\n<\/tr>\n<tr>\n<td><strong>REFERENCIA<\/strong><\/td>\n<td>CR266<\/td>\n<\/tr>\n<tr>\n<td><strong>Tecnolog\u00eda de Fr\u00edo<\/strong><\/td>\n<td>No Frost<\/td>\n<\/tr>\n<tr>\n<td><strong>Acabado<\/strong><\/td>\n<td>Titanium Gris<\/td>\n<\/tr>\n<tr>\n<td><strong>L\u00ednea<\/strong><\/td>\n<td>L\u00famina<\/td>\n<\/tr>\n<tr>\n<td><strong>Dispensador de Agua<\/strong><\/td>\n<td>Si<\/td>\n<\/tr>\n<tr>\n<td><strong>Tipo de Dispensador de Agua<\/strong><\/td>\n<td>Manual<\/td>\n<\/tr>\n<tr>\n<td><strong>Tipo de Panel de Control<\/strong><\/td>\n<td>Panel Digital<\/td>\n<\/tr>\n<tr>\n<td><strong>Cantidad Puertas<\/strong><\/td>\n<td>2<\/td>\n<\/tr>\n<tr>\n<td><strong>Material de las Bandejas<\/strong><\/td>\n<td>Vidrio templado<\/td>\n<\/tr>\n<tr>\n<td><strong>Volumen Bruto<\/strong><\/td>\n<td>266<\/td>\n<\/tr>\n<tr>\n<td><strong>Volumen Almacenamiento<\/strong><\/td>\n<td>248<\/td>\n<\/tr>\n<tr>\n<td><strong>Dimensiones del producto (cm)<\/strong><\/td>\n<td>60 cm x 66 cm x 163 cm (F x P x A)<\/td>\n<\/tr>\n<tr>\n<td><strong>Control Electr\u00f3nico de Temperatura<\/strong><\/td>\n<td>Si<\/td>\n<\/tr>\n<tr>\n<td><strong>Gama de Color<\/strong><\/td>\n<td>Gris<\/td>\n<\/tr>\n<tr>\n<td><strong>Peso real (Kg)<\/strong><\/td>\n<td>48,37<\/td>\n<\/tr>\n<tr>\n<td><strong>Consumo M\u00ednimo Energ\u00e9tico(kWh\/mes)<\/strong><\/td>\n<td>0.983 kWh\/dia &#8211; 29.5 kWh\/mes<\/td>\n<\/tr>\n<tr>\n<td><strong>Eficiencia Energ\u00e9tica<\/strong><\/td>\n<td>B<\/td>\n<\/tr>\n<tr>\n<td><strong>Garant\u00eda<\/strong><\/td>\n<td>12 meses<\/td>\n<\/tr>\n<\/tbody>\n<\/table>\n","protected":false},"excerpt":{"rendered":"<p>Nevera No Frost de la nueva l\u00ednea de neveras Challenger l\u00famina, de 266 Litros Brutos de clase tropical de bajo ruido y de bajo consumo energ\u00e9tico, incorpora un sistema multiflujo el cual realiza una distribuci\u00f3n constante y uniforme de la temperatura para mantener los alimentos mas frescos 100% Ecol\u00f3gica Contiene refrigerante R600a que conlleva a [&hellip;]<\/p>\n","protected":false},"featured_media":1780,"comment_status":"open","ping_status":"closed","template":"","meta":[],"product_brand":[],"product_cat":[20],"product_tag":[],"class_list":{"0":"post-54","1":"product","2":"type-product","3":"status-publish","4":"has-post-thumbnail","6":"product_cat-neveras","8":"first","9":"onbackorder","10":"featured","11":"shipping-taxable","12":"purchasable","13":"product-type-simple"},"aioseo_notices":[],"_links":{"self":[{"href":"https:\/\/smartket.online\/index.php\/wp-json\/wp\/v2\/product\/54","targetHints":{"allow":["GET"]}}],"collection":[{"href":"https:\/\/smartket.online\/index.php\/wp-json\/wp\/v2\/product"}],"about":[{"href":"https:\/\/smartket.online\/index.php\/wp-json\/wp\/v2\/types\/product"}],"replies":[{"embeddable":true,"href":"https:\/\/smartket.online\/index.php\/wp-json\/wp\/v2\/comments?post=54"}],"wp:featuredmedia":[{"embeddable":true,"href":"https:\/\/smartket.online\/index.php\/wp-json\/wp\/v2\/media\/1780"}],"wp:attachment":[{"href":"https:\/\/smartket.online\/index.php\/wp-json\/wp\/v2\/media?parent=54"}],"wp:term":[{"taxonomy":"product_brand","embeddable":true,"href":"https:\/\/smartket.online\/index.php\/wp-json\/wp\/v2\/product_brand?post=54"},{"taxonomy":"product_cat","embeddable":true,"href":"https:\/\/smartket.online\/index.php\/wp-json\/wp\/v2\/product_cat?post=54"},{"taxonomy":"product_tag","embeddable":true,"href":"https:\/\/smartket.online\/index.php\/wp-json\/wp\/v2\/product_tag?post=54"}],"curies":[{"name":"wp","href":"https:\/\/api.w.org\/{rel}","templated":true}]}}