{"id":66,"date":"2023-06-29T16:09:47","date_gmt":"2023-06-29T21:09:47","guid":{"rendered":"https:\/\/markermedia.co\/demo\/smartket\/?post_type=product&#038;p=66"},"modified":"2025-10-05T22:03:48","modified_gmt":"2025-10-06T03:03:48","slug":"lavadora-challenger-18kg-dark","status":"publish","type":"product","link":"https:\/\/smartket.online\/index.php\/producto\/lavadora-challenger-18kg-dark\/","title":{"rendered":"Lavadora Challenger 18KG Dark"},"content":{"rendered":"<p>Lavadora Challenger 18KG Dark<br \/>\ncon sistema inteligente de lavado One Touch, incorpora nueva funci\u00f3n anti-tangle assitant que ayuda a desenredar la ropa.<br \/>\nCARACTER\u00cdSTICAS ESPECIALES<\/p>\n<p>Tensi\u00f3n El\u00e9ctrica (Voltios) 120<br \/>\nDimensiones del producto (cm) 100 (alto) x 61 (ancho) x 60 (fondo)<br \/>\nDimensiones de empaque (cm)<br \/>\n104 (alto) x 65,5 (ancho) x 68,5 (fondo)<\/p>\n<p>Velocidad centrifugado (RPM) 850\/450<br \/>\nFiltros 1<br \/>\nTipo de carga Superior<br \/>\nPotencia de Consumo (Watt) 480<br \/>\nClasificaci\u00f3n Energ\u00e9tica A<br \/>\nCantidad de programas 8<br \/>\nMotor Convencional (Polea)<\/p>\n","protected":false},"excerpt":{"rendered":"<p>Lavadora Challenger 18KG Dark con sistema inteligente de lavado One Touch, incorpora nueva funci\u00f3n anti-tangle assitant que ayuda a desenredar la ropa. CARACTER\u00cdSTICAS ESPECIALES Tensi\u00f3n El\u00e9ctrica (Voltios) 120 Dimensiones del producto (cm) 100 (alto) x 61 (ancho) x 60 (fondo) Dimensiones de empaque (cm) 104 (alto) x 65,5 (ancho) x 68,5 (fondo) Velocidad centrifugado (RPM) [&hellip;]<\/p>\n","protected":false},"featured_media":1477,"comment_status":"open","ping_status":"closed","template":"","meta":[],"product_brand":[],"product_cat":[21],"product_tag":[],"class_list":{"0":"post-66","1":"product","2":"type-product","3":"status-publish","4":"has-post-thumbnail","6":"product_cat-lavadoras","8":"first","9":"onbackorder","10":"shipping-taxable","11":"purchasable","12":"product-type-simple"},"aioseo_notices":[],"_links":{"self":[{"href":"https:\/\/smartket.online\/index.php\/wp-json\/wp\/v2\/product\/66","targetHints":{"allow":["GET"]}}],"collection":[{"href":"https:\/\/smartket.online\/index.php\/wp-json\/wp\/v2\/product"}],"about":[{"href":"https:\/\/smartket.online\/index.php\/wp-json\/wp\/v2\/types\/product"}],"replies":[{"embeddable":true,"href":"https:\/\/smartket.online\/index.php\/wp-json\/wp\/v2\/comments?post=66"}],"wp:featuredmedia":[{"embeddable":true,"href":"https:\/\/smartket.online\/index.php\/wp-json\/wp\/v2\/media\/1477"}],"wp:attachment":[{"href":"https:\/\/smartket.online\/index.php\/wp-json\/wp\/v2\/media?parent=66"}],"wp:term":[{"taxonomy":"product_brand","embeddable":true,"href":"https:\/\/smartket.online\/index.php\/wp-json\/wp\/v2\/product_brand?post=66"},{"taxonomy":"product_cat","embeddable":true,"href":"https:\/\/smartket.online\/index.php\/wp-json\/wp\/v2\/product_cat?post=66"},{"taxonomy":"product_tag","embeddable":true,"href":"https:\/\/smartket.online\/index.php\/wp-json\/wp\/v2\/product_tag?post=66"}],"curies":[{"name":"wp","href":"https:\/\/api.w.org\/{rel}","templated":true}]}}